{"id":1078,"date":"2024-10-01T17:44:24","date_gmt":"2024-10-01T15:44:24","guid":{"rendered":"https:\/\/cdc.interactivesites.de\/innenbereich\/wohnung-bourgueil\/"},"modified":"2025-09-22T09:03:13","modified_gmt":"2025-09-22T07:03:13","slug":"wohnung-bourgueil","status":"publish","type":"page","link":"https:\/\/chateaudechanze.com\/de\/innenbereich\/wohnung-bourgueil\/","title":{"rendered":"Wohnung Bourgueil"},"content":{"rendered":"\n<div class=\"wp-block-cover alignfull is-light has-parallax\" style=\"padding-top:var(--wp--preset--spacing--50);padding-right:var(--wp--preset--spacing--50);padding-bottom:var(--wp--preset--spacing--50);padding-left:var(--wp--preset--spacing--50);min-height:100vh;aspect-ratio:unset;\"><span aria-hidden=\"true\" class=\"wp-block-cover__background has-base-background-color has-background-dim-0 has-background-dim\"><\/span><div class=\"wp-block-cover__image-background wp-image-567 has-parallax\" style=\"background-position:50% 50%;background-image:url(https:\/\/chateaudechanze.com\/wp-content\/uploads\/2024\/10\/20210629_131235-scaled.jpg)\"><\/div><div class=\"wp-block-cover__inner-container has-global-padding is-layout-constrained wp-container-core-cover-is-layout-e4fd886c wp-block-cover-is-layout-constrained\">\n<div style=\"height:500px\" aria-hidden=\"true\" class=\"wp-block-spacer\"><\/div>\n<\/div><\/div>\n\n<div class=\"wp-block-group alignfull has-base-background-color has-background has-global-padding is-layout-constrained wp-container-core-group-is-layout-d89aad35 wp-block-group-is-layout-constrained\" style=\"margin-top:0;margin-bottom:0;padding-top:var(--wp--preset--spacing--50);padding-right:var(--wp--preset--spacing--50);padding-bottom:var(--wp--preset--spacing--50);padding-left:var(--wp--preset--spacing--50)\">\n<div class=\"wp-block-columns alignwide is-layout-flex wp-container-core-columns-is-layout-549b0c86 wp-block-columns-is-layout-flex\">\n<div class=\"wp-block-column has-global-padding is-content-justification-left is-layout-constrained wp-container-core-column-is-layout-4f15e8fe wp-block-column-is-layout-constrained\" style=\"flex-basis:40%\">\n<p>Bourgueil<\/p>\n<\/div>\n\n\n\n<div class=\"wp-block-column is-layout-flow wp-container-core-column-is-layout-119bc444 wp-block-column-is-layout-flow\" style=\"flex-basis:60%\">\n<p class=\"has-heading-font-family has-x-large-font-size\" style=\"line-height:1.2\">Hier trifft rustikaler Charme auf modernen Komfort im Herzen der Landschaft.<\/p>\n\n\n\n<div class=\"wp-block-columns is-layout-flex wp-container-core-columns-is-layout-87beb0d0 wp-block-columns-is-layout-flex\">\n<div class=\"wp-block-column is-layout-flow wp-block-column-is-layout-flow\">\n<p class=\"wp-container-content-9cfa9a5a\">Ob Sie nun entspannen oder die nahe gelegenen Weinberge und historischen St\u00e4tten erkunden m\u00f6chten, das <strong>Bourgueil Apartment<\/strong> ist ein idealer Ausgangspunkt.\nSeine Mischung aus Komfort, Stil und Charme macht es zur perfekten Wahl f\u00fcr alle, die einen unvergesslichen Aufenthalt im Herzen der franz\u00f6sischen Landschaft suchen. <\/p>\n\n\n\n<p><\/p>\n\n\n\n<p class=\"wp-container-content-9cfa9a5a\"><\/p>\n<\/div>\n\n\n\n<div class=\"wp-block-column is-layout-flow wp-block-column-is-layout-flow\">\n<p>Das <strong>Bourgueil Apartment<\/strong> bietet einen charmanten und komfortablen Raum, perfekt f\u00fcr einen ruhigen Aufenthalt.\nEingebettet in ein wundersch\u00f6n restauriertes Steingeb\u00e4ude, kombiniert dieses Apartment rustikale franz\u00f6sische Eleganz mit modernen Annehmlichkeiten.\nDas Apartment ist ideal f\u00fcr Paare oder kleine Familien und bietet eine warme und einladende Atmosph\u00e4re mit einer durchdachten Inneneinrichtung.   Es verf\u00fcgt \u00fcber 2 Schlafzimmer und 2 B\u00e4der.<\/p>\n<\/div>\n<\/div>\n<\/div>\n<\/div>\n<\/div>\n\n<div class=\"wp-block-cover alignfull has-parallax\" style=\"min-height:100vh;aspect-ratio:unset;\"><span aria-hidden=\"true\" class=\"wp-block-cover__background has-background-dim-0 has-background-dim\" style=\"background-color:#826e5e\"><\/span><div class=\"wp-block-cover__image-background wp-image-570 has-parallax\" style=\"background-position:50% 50%;background-image:url(https:\/\/chateaudechanze.com\/wp-content\/uploads\/2024\/10\/20210629_131355-scaled.jpg)\"><\/div><div class=\"wp-block-cover__inner-container is-layout-flow wp-block-cover-is-layout-flow\">\n<p class=\"has-text-align-center has-large-font-size\"><\/p>\n<\/div><\/div>\n\n<div class=\"wp-block-group alignfull has-base-2-background-color has-background has-global-padding is-layout-constrained wp-container-core-group-is-layout-7cd14b77 wp-block-group-is-layout-constrained\" style=\"margin-top:0;margin-bottom:0;padding-top:var(--wp--preset--spacing--60);padding-right:var(--wp--preset--spacing--60);padding-bottom:var(--wp--preset--spacing--60);padding-left:var(--wp--preset--spacing--60)\">\n<div class=\"wp-block-group alignwide is-layout-flow wp-block-group-is-layout-flow\">\n<div style=\"height:var(--wp--preset--spacing--50)\" aria-hidden=\"true\" class=\"wp-block-spacer\"><\/div>\n\n\n\n<p class=\"has-text-align-center has-heading-font-family has-x-large-font-size\" style=\"font-style:normal;font-weight:400;line-height:1.2\"><em>Entspannen Sie sich<\/em><\/p>\n\n\n\n<div style=\"height:var(--wp--preset--spacing--50)\" aria-hidden=\"true\" class=\"wp-block-spacer\"><\/div>\n<\/div>\n<\/div>\n\n<div class=\"wp-block-cover alignfull has-parallax\" style=\"min-height:100vh;aspect-ratio:unset;\"><span aria-hidden=\"true\" class=\"wp-block-cover__background has-background-dim-0 has-background-dim\" style=\"background-color:#927862\"><\/span><div class=\"wp-block-cover__image-background wp-image-573 has-parallax\" style=\"background-position:50% 50%;background-image:url(https:\/\/chateaudechanze.com\/wp-content\/uploads\/2024\/10\/20210629_133535-scaled.jpg)\"><\/div><div class=\"wp-block-cover__inner-container is-layout-flow wp-block-cover-is-layout-flow\">\n<p class=\"has-text-align-center has-large-font-size\"><\/p>\n<\/div><\/div>\n\n<div class=\"wp-block-group alignfull has-base-2-color has-contrast-background-color has-text-color has-background has-link-color wp-elements-b17add27f3022df83f58ba69c4e7ddae has-global-padding is-layout-constrained wp-container-core-group-is-layout-facafb6f wp-block-group-is-layout-constrained\" style=\"margin-top:0;margin-bottom:0;padding-top:var(--wp--preset--spacing--50);padding-right:var(--wp--preset--spacing--50);padding-bottom:var(--wp--preset--spacing--50);padding-left:var(--wp--preset--spacing--50)\">\n<div class=\"wp-block-columns alignwide is-layout-flex wp-container-core-columns-is-layout-d1c656ed wp-block-columns-is-layout-flex\">\n<div class=\"wp-block-column is-vertically-aligned-stretch is-layout-flow wp-block-column-is-layout-flow\" style=\"padding-right:0;flex-basis:60%\">\n<div class=\"wp-block-group is-vertical is-content-justification-stretch is-layout-flex wp-container-core-group-is-layout-ae24f51d wp-block-group-is-layout-flex\" style=\"min-height:100%\">\n<figure class=\"wp-block-image size-large is-style-rounded is-style-rounded--1\"><img loading=\"lazy\" decoding=\"async\" width=\"768\" height=\"1024\" src=\"https:\/\/chateaudechanze.com\/wp-content\/uploads\/2024\/10\/20210629_131450-768x1024.jpg\" alt=\"\" class=\"wp-image-577\" style=\"aspect-ratio:9\/16;object-fit:cover\" srcset=\"https:\/\/chateaudechanze.com\/wp-content\/uploads\/2024\/10\/20210629_131450-768x1024.jpg 768w, https:\/\/chateaudechanze.com\/wp-content\/uploads\/2024\/10\/20210629_131450-225x300.jpg 225w, https:\/\/chateaudechanze.com\/wp-content\/uploads\/2024\/10\/20210629_131450-50x67.jpg 50w, https:\/\/chateaudechanze.com\/wp-content\/uploads\/2024\/10\/20210629_131450-1600x2133.jpg 1600w, https:\/\/chateaudechanze.com\/wp-content\/uploads\/2024\/10\/20210629_131450-1152x1536.jpg 1152w, https:\/\/chateaudechanze.com\/wp-content\/uploads\/2024\/10\/20210629_131450-1536x2048.jpg 1536w, https:\/\/chateaudechanze.com\/wp-content\/uploads\/2024\/10\/20210629_131450-scaled.jpg 1920w\" sizes=\"auto, (max-width: 768px) 100vw, 768px\" \/><\/figure>\n\n\n\n<p class=\"has-medium-font-size\"><\/p>\n<\/div>\n<\/div>\n\n\n\n<div class=\"wp-block-column is-layout-flow wp-block-column-is-layout-flow\" style=\"flex-basis:40%\">\n<div class=\"wp-block-group has-global-padding is-layout-constrained wp-block-group-is-layout-constrained\">\n<p class=\"has-large-font-size\" style=\"font-style:normal;font-weight:500;line-height:1.2\">Der Au\u00dfenbereich ist ebenso einladend, mit einer privaten Terrasse, die perfekt ist, um im Freien zu essen oder einen Morgenkaffee inmitten der Natur zu genie\u00dfen. An einem Picknicktisch vor dem Cottage k\u00f6nnen Sie die frische Luft genie\u00dfen und die malerischen G\u00e4rten bewundern. Es ist ein idealer Ort, um sich zu entspannen und die Sch\u00f6nheit des l\u00e4ndlichen Frankreichs zu genie\u00dfen.  <\/p>\n\n\n\n<div style=\"height:var(--wp--preset--spacing--40)\" aria-hidden=\"true\" class=\"wp-block-spacer\"><\/div>\n\n\n\n<p class=\"has-medium-font-size\"><\/p>\n\n\n\n<div class=\"wp-block-group is-layout-flow wp-block-group-is-layout-flow\">\n<figure class=\"wp-block-image size-large is-style-rounded is-style-rounded--2\"><img loading=\"lazy\" decoding=\"async\" width=\"768\" height=\"1024\" src=\"https:\/\/chateaudechanze.com\/wp-content\/uploads\/2024\/10\/20210629_133204-768x1024.jpg\" alt=\"\" class=\"wp-image-580\" style=\"aspect-ratio:9\/16;object-fit:cover\" srcset=\"https:\/\/chateaudechanze.com\/wp-content\/uploads\/2024\/10\/20210629_133204-768x1024.jpg 768w, https:\/\/chateaudechanze.com\/wp-content\/uploads\/2024\/10\/20210629_133204-225x300.jpg 225w, https:\/\/chateaudechanze.com\/wp-content\/uploads\/2024\/10\/20210629_133204-50x67.jpg 50w, https:\/\/chateaudechanze.com\/wp-content\/uploads\/2024\/10\/20210629_133204-1600x2133.jpg 1600w, https:\/\/chateaudechanze.com\/wp-content\/uploads\/2024\/10\/20210629_133204-1152x1536.jpg 1152w, https:\/\/chateaudechanze.com\/wp-content\/uploads\/2024\/10\/20210629_133204-1536x2048.jpg 1536w, https:\/\/chateaudechanze.com\/wp-content\/uploads\/2024\/10\/20210629_133204-scaled.jpg 1920w\" sizes=\"auto, (max-width: 768px) 100vw, 768px\" \/><\/figure>\n<\/div>\n<\/div>\n<\/div>\n<\/div>\n<\/div>\n\n<div class=\"wp-block-cover alignfull has-parallax\" style=\"min-height:100vh;aspect-ratio:unset;\"><span aria-hidden=\"true\" class=\"wp-block-cover__background has-background-dim-0 has-background-dim\" style=\"background-color:#84766b\"><\/span><div class=\"wp-block-cover__image-background wp-image-583 has-parallax\" style=\"background-position:50% 50%;background-image:url(https:\/\/chateaudechanze.com\/wp-content\/uploads\/2024\/10\/20210629_132824-scaled.jpg)\"><\/div><div class=\"wp-block-cover__inner-container is-layout-flow wp-block-cover-is-layout-flow\">\n<p class=\"has-text-align-center has-large-font-size\"><\/p>\n<\/div><\/div>\n\n<div class=\"wp-block-cover alignfull is-light has-parallax\" style=\"min-height:100vh;aspect-ratio:unset;\"><span aria-hidden=\"true\" class=\"wp-block-cover__background has-background-dim-0 has-background-dim\" style=\"background-color:#928983\"><\/span><div class=\"wp-block-cover__image-background wp-image-586 has-parallax\" style=\"background-position:50% 50%;background-image:url(https:\/\/chateaudechanze.com\/wp-content\/uploads\/2024\/10\/20210629_131746-scaled.jpg)\"><\/div><div class=\"wp-block-cover__inner-container is-layout-flow wp-block-cover-is-layout-flow\">\n<p class=\"has-text-align-center has-large-font-size\"><\/p>\n<\/div><\/div>\n\n<div class=\"wp-block-cover alignfull is-light has-parallax\" style=\"min-height:100vh;aspect-ratio:unset;\"><span aria-hidden=\"true\" class=\"wp-block-cover__background has-background-dim-0 has-background-dim\" style=\"background-color:#a2826c\"><\/span><div class=\"wp-block-cover__image-background wp-image-589 has-parallax\" style=\"background-position:50% 50%;background-image:url(https:\/\/chateaudechanze.com\/wp-content\/uploads\/2024\/10\/20210629_131615-scaled.jpg)\"><\/div><div class=\"wp-block-cover__inner-container is-layout-flow wp-block-cover-is-layout-flow\">\n<p class=\"has-text-align-center has-large-font-size\"><\/p>\n<\/div><\/div>\n\n<div class=\"wp-block-group alignfull has-global-padding is-layout-constrained wp-container-core-group-is-layout-d89aad35 wp-block-group-is-layout-constrained\" style=\"margin-top:0;margin-bottom:0;padding-top:var(--wp--preset--spacing--50);padding-right:var(--wp--preset--spacing--50);padding-bottom:var(--wp--preset--spacing--50);padding-left:var(--wp--preset--spacing--50)\">\n<div class=\"wp-block-group alignwide has-base-2-background-color has-background has-global-padding is-layout-constrained wp-container-core-group-is-layout-39412042 wp-block-group-is-layout-constrained\" style=\"border-radius:16px;padding-top:var(--wp--preset--spacing--40);padding-right:var(--wp--preset--spacing--50);padding-bottom:var(--wp--preset--spacing--40);padding-left:var(--wp--preset--spacing--50)\">\n<div style=\"height:var(--wp--preset--spacing--10)\" aria-hidden=\"true\" class=\"wp-block-spacer\"><\/div>\n\n\n\n<h2 class=\"wp-block-heading has-text-align-center has-x-large-font-size\">Kontaktieren Sie uns.<\/h2>\n\n\n\n<p class=\"has-text-align-center has-large-font-size\">Tel: <a href=\"tel:\">+33 (0)6 38 22 53 32<\/a><\/p>\n\n\n\n<div class=\"wp-block-buttons is-content-justification-center is-layout-flex wp-container-core-buttons-is-layout-a89b3969 wp-block-buttons-is-layout-flex\">\n<div class=\"wp-block-button has-custom-width wp-block-button__width-50\"><a class=\"wp-block-button__link wp-element-button\" href=\"info@chateaudechanze.com\">E-Mail<\/a><\/div>\n<\/div>\n\n\n\n<div style=\"height:var(--wp--preset--spacing--10)\" aria-hidden=\"true\" class=\"wp-block-spacer\"><\/div>\n<\/div>\n<\/div>\n\n<p><\/p>\n","protected":false},"excerpt":{"rendered":"<p>Bourgueil Hier trifft rustikaler Charme auf modernen Komfort im Herzen der Landschaft. Ob Sie nun entspannen oder die nahe gelegenen Weinberge und historischen St\u00e4tten erkunden m\u00f6chten, das Bourgueil Apartment ist ein idealer Ausgangspunkt. Seine Mischung aus Komfort, Stil und Charme macht es zur perfekten Wahl f\u00fcr alle, die einen unvergesslichen Aufenthalt im Herzen der franz\u00f6sischen [&hellip;]<\/p>\n","protected":false},"author":1,"featured_media":0,"parent":1074,"menu_order":1,"comment_status":"closed","ping_status":"closed","template":"","meta":{"footnotes":""},"class_list":["post-1078","page","type-page","status-publish","hentry"],"_links":{"self":[{"href":"https:\/\/chateaudechanze.com\/de\/wp-json\/wp\/v2\/pages\/1078","targetHints":{"allow":["GET"]}}],"collection":[{"href":"https:\/\/chateaudechanze.com\/de\/wp-json\/wp\/v2\/pages"}],"about":[{"href":"https:\/\/chateaudechanze.com\/de\/wp-json\/wp\/v2\/types\/page"}],"author":[{"embeddable":true,"href":"https:\/\/chateaudechanze.com\/de\/wp-json\/wp\/v2\/users\/1"}],"replies":[{"embeddable":true,"href":"https:\/\/chateaudechanze.com\/de\/wp-json\/wp\/v2\/comments?post=1078"}],"version-history":[{"count":4,"href":"https:\/\/chateaudechanze.com\/de\/wp-json\/wp\/v2\/pages\/1078\/revisions"}],"predecessor-version":[{"id":1551,"href":"https:\/\/chateaudechanze.com\/de\/wp-json\/wp\/v2\/pages\/1078\/revisions\/1551"}],"up":[{"embeddable":true,"href":"https:\/\/chateaudechanze.com\/de\/wp-json\/wp\/v2\/pages\/1074"}],"wp:attachment":[{"href":"https:\/\/chateaudechanze.com\/de\/wp-json\/wp\/v2\/media?parent=1078"}],"curies":[{"name":"wp","href":"https:\/\/api.w.org\/{rel}","templated":true}]}}