{"id":1082,"date":"2024-10-01T17:44:24","date_gmt":"2024-10-01T15:44:24","guid":{"rendered":"https:\/\/cdc.interactivesites.de\/innenbereich\/appartement-chinon\/"},"modified":"2025-09-22T09:01:24","modified_gmt":"2025-09-22T07:01:24","slug":"appartement-chinon","status":"publish","type":"page","link":"https:\/\/chateaudechanze.com\/de\/innenbereich\/appartement-chinon\/","title":{"rendered":"Appartement Chinon"},"content":{"rendered":"\n<div class=\"wp-block-cover alignfull is-light has-parallax\" style=\"padding-top:var(--wp--preset--spacing--50);padding-right:var(--wp--preset--spacing--50);padding-bottom:var(--wp--preset--spacing--50);padding-left:var(--wp--preset--spacing--50);min-height:100vh;aspect-ratio:unset;\"><div class=\"wp-block-cover__image-background wp-image-513 has-parallax\" style=\"background-position:50% 50%;background-image:url(https:\/\/chateaudechanze.com\/wp-content\/uploads\/2024\/10\/20210617_142011-scaled.jpg)\"><\/div><span aria-hidden=\"true\" class=\"wp-block-cover__background has-base-background-color has-background-dim-0 has-background-dim\"><\/span><div class=\"wp-block-cover__inner-container has-global-padding is-layout-constrained wp-container-core-cover-is-layout-e4fd886c wp-block-cover-is-layout-constrained\">\n<div style=\"height:500px\" aria-hidden=\"true\" class=\"wp-block-spacer\"><\/div>\n\n\n\n<h1 class=\"wp-block-heading alignwide has-text-align-right has-base-2-color has-text-color has-link-color has-xx-large-font-size wp-elements-82035f20d0b23c663be5326044528719\">Bourgueil<\/h1>\n<\/div><\/div>\n\n<div class=\"wp-block-group alignfull has-base-background-color has-background has-global-padding is-layout-constrained wp-container-core-group-is-layout-d89aad35 wp-block-group-is-layout-constrained\" style=\"margin-top:0;margin-bottom:0;padding-top:var(--wp--preset--spacing--50);padding-right:var(--wp--preset--spacing--50);padding-bottom:var(--wp--preset--spacing--50);padding-left:var(--wp--preset--spacing--50)\">\n<div class=\"wp-block-columns alignwide is-layout-flex wp-container-core-columns-is-layout-549b0c86 wp-block-columns-is-layout-flex\">\n<div class=\"wp-block-column is-vertically-aligned-center has-global-padding is-content-justification-left is-layout-constrained wp-container-core-column-is-layout-c4d06299 wp-block-column-is-layout-constrained\" style=\"flex-basis:40%\">\n<h2 class=\"wp-block-heading\"><em>Appartement Chinon<\/em><\/h2>\n<\/div>\n\n\n\n<div class=\"wp-block-column is-layout-flow wp-container-core-column-is-layout-119bc444 wp-block-column-is-layout-flow\" style=\"flex-basis:60%\">\n<p class=\"has-heading-font-family has-x-large-font-size\" style=\"line-height:1.2\">Dieses charmante Feriendomizil bietet eine Mischung aus rustikaler Eleganz und modernem Komfort inmitten der wundersch\u00f6nen franz\u00f6sischen Landschaft.  <\/p>\n\n\n\n<div class=\"wp-block-columns is-layout-flex wp-container-core-columns-is-layout-87beb0d0 wp-block-columns-is-layout-flex\">\n<div class=\"wp-block-column is-layout-flow wp-block-column-is-layout-flow\">\n<p class=\"wp-container-content-9cfa9a5a\">Das \u00c4u\u00dfere des Cottages besteht aus klassischen Steinmauern, die durch malerisches Mauerwerk akzentuiert werden und von lebhaften Blumenbeeten umgeben sind. Ein gem\u00fctlicher Sitzbereich im Freien l\u00e4dt zu einem ruhigen Morgenkaffee oder einem ruhigen Abend mit einem Glas Wein ein, w\u00e4hrend Sie die ruhige Umgebung genie\u00dfen. <\/p>\n\n\n\n<p><\/p>\n\n\n\n<p class=\"wp-container-content-9cfa9a5a\"><\/p>\n<\/div>\n\n\n\n<div class=\"wp-block-column is-layout-flow wp-block-column-is-layout-flow\">\n<p>Dieses Refugium ist ideal f\u00fcr Paare oder kleine Familien und bietet den perfekten Ausgangspunkt, um die nahe gelegenen historischen St\u00e4tten zu erkunden oder einfach in einer ruhigen Umgebung zu entspannen. Ob Sie nun auf der Suche nach Abenteuern oder Entspannung sind, dieses einladende Cottage bietet Ihnen einen unvergesslichen Aufenthalt.  Es verf\u00fcgt \u00fcber eine K\u00fcchenzeile und ein Zwischengeschoss mit 2 Einzelbetten und ein weiteres Schlafzimmer mit einem Doppelbett.  <\/p>\n<\/div>\n<\/div>\n<\/div>\n<\/div>\n<\/div>\n\n<div class=\"wp-block-cover alignfull is-light has-parallax\" style=\"min-height:100vh;aspect-ratio:unset;\"><div class=\"wp-block-cover__image-background wp-image-516 has-parallax\" style=\"background-position:50% 50%;background-image:url(https:\/\/chateaudechanze.com\/wp-content\/uploads\/2024\/10\/20210621_085639-scaled.jpg)\"><\/div><span aria-hidden=\"true\" class=\"wp-block-cover__background has-background-dim-0 has-background-dim\" style=\"background-color:#957d6e\"><\/span><div class=\"wp-block-cover__inner-container is-layout-flow wp-block-cover-is-layout-flow\">\n<p class=\"has-text-align-center has-large-font-size\"><\/p>\n<\/div><\/div>\n\n<div class=\"wp-block-group alignfull has-base-2-background-color has-background has-global-padding is-layout-constrained wp-container-core-group-is-layout-7cd14b77 wp-block-group-is-layout-constrained\" style=\"margin-top:0;margin-bottom:0;padding-top:var(--wp--preset--spacing--60);padding-right:var(--wp--preset--spacing--60);padding-bottom:var(--wp--preset--spacing--60);padding-left:var(--wp--preset--spacing--60)\">\n<div class=\"wp-block-group alignwide is-layout-flow wp-block-group-is-layout-flow\">\n<p class=\"has-text-align-center has-heading-font-family has-x-large-font-size\" style=\"font-style:normal;font-weight:400;line-height:1.2\">Eine gem\u00fctliche Atmosph\u00e4re<\/p>\n\n\n\n<div style=\"height:var(--wp--preset--spacing--50)\" aria-hidden=\"true\" class=\"wp-block-spacer\"><\/div>\n<\/div>\n<\/div>\n\n<div class=\"wp-block-cover alignfull is-light has-parallax\" style=\"min-height:100vh;aspect-ratio:unset;\"><div class=\"wp-block-cover__image-background wp-image-504 has-parallax\" style=\"background-position:50% 50%;background-image:url(https:\/\/chateaudechanze.com\/wp-content\/uploads\/2024\/10\/20210621_142236-scaled.jpg)\"><\/div><span aria-hidden=\"true\" class=\"wp-block-cover__background has-background-dim-0 has-background-dim\" style=\"background-color:#977f71\"><\/span><div class=\"wp-block-cover__inner-container is-layout-flow wp-block-cover-is-layout-flow\">\n<p class=\"has-text-align-center has-large-font-size\"><\/p>\n<\/div><\/div>\n\n<div class=\"wp-block-group alignfull has-base-2-color has-contrast-background-color has-text-color has-background has-link-color wp-elements-4482326c46df96b9750236518b14f66e has-global-padding is-layout-constrained wp-container-core-group-is-layout-facafb6f wp-block-group-is-layout-constrained\" style=\"margin-top:0;margin-bottom:0;padding-top:var(--wp--preset--spacing--50);padding-right:var(--wp--preset--spacing--50);padding-bottom:var(--wp--preset--spacing--50);padding-left:var(--wp--preset--spacing--50)\">\n<div class=\"wp-block-columns alignwide is-layout-flex wp-container-core-columns-is-layout-d1c656ed wp-block-columns-is-layout-flex\">\n<div class=\"wp-block-column is-vertically-aligned-stretch is-layout-flow wp-block-column-is-layout-flow\" style=\"padding-right:0;flex-basis:60%\">\n<div class=\"wp-block-group is-vertical is-content-justification-stretch is-layout-flex wp-container-core-group-is-layout-ae24f51d wp-block-group-is-layout-flex\" style=\"min-height:100%\">\n<figure class=\"wp-block-image size-large is-style-rounded is-style-rounded--1\"><img loading=\"lazy\" decoding=\"async\" width=\"768\" height=\"1024\" src=\"https:\/\/chateaudechanze.com\/wp-content\/uploads\/2024\/10\/20210621_082156-768x1024.jpg\" alt=\"\" class=\"wp-image-507\" style=\"aspect-ratio:9\/16;object-fit:cover\" srcset=\"https:\/\/chateaudechanze.com\/wp-content\/uploads\/2024\/10\/20210621_082156-768x1024.jpg 768w, https:\/\/chateaudechanze.com\/wp-content\/uploads\/2024\/10\/20210621_082156-225x300.jpg 225w, https:\/\/chateaudechanze.com\/wp-content\/uploads\/2024\/10\/20210621_082156-50x67.jpg 50w, https:\/\/chateaudechanze.com\/wp-content\/uploads\/2024\/10\/20210621_082156-1600x2133.jpg 1600w, https:\/\/chateaudechanze.com\/wp-content\/uploads\/2024\/10\/20210621_082156-1152x1536.jpg 1152w, https:\/\/chateaudechanze.com\/wp-content\/uploads\/2024\/10\/20210621_082156-1536x2048.jpg 1536w, https:\/\/chateaudechanze.com\/wp-content\/uploads\/2024\/10\/20210621_082156-scaled.jpg 1920w\" sizes=\"auto, (max-width: 768px) 100vw, 768px\" \/><\/figure>\n\n\n\n<p class=\"has-medium-font-size\"><\/p>\n<\/div>\n<\/div>\n\n\n\n<div class=\"wp-block-column is-layout-flow wp-block-column-is-layout-flow\" style=\"flex-basis:40%\">\n<div class=\"wp-block-group has-global-padding is-layout-constrained wp-block-group-is-layout-constrained\">\n<p class=\"has-large-font-size\" style=\"font-style:normal;font-weight:500;line-height:1.2\">Im Inneren ist der offene Wohnbereich sowohl einladend als auch funktional. Die K\u00fcchenzeile ist komplett ausgestattet, um Mahlzeiten zuzubereiten, und bietet einen kleinen Essbereich f\u00fcr gemeinsame Momente. Oben bietet ein Zwischengeschoss zus\u00e4tzlichen Platz zum Schlafen oder Entspannen und schafft eine gem\u00fctliche und intime Atmosph\u00e4re. Das Hauptschlafzimmer verf\u00fcgt \u00fcber ein bequemes Bett mit weicher Bettw\u00e4sche, umrahmt von geschmackvollem Dekor, das W\u00e4rme und Charme ausstrahlt.   <\/p>\n\n\n\n<div style=\"height:var(--wp--preset--spacing--40)\" aria-hidden=\"true\" class=\"wp-block-spacer\"><\/div>\n\n\n\n<p class=\"has-medium-font-size\"><\/p>\n\n\n\n<div class=\"wp-block-group is-layout-flow wp-block-group-is-layout-flow\"><\/div>\n<\/div>\n<\/div>\n<\/div>\n<\/div>\n\n<div class=\"wp-block-cover alignfull is-light has-parallax\" style=\"min-height:100vh;aspect-ratio:unset;\"><div class=\"wp-block-cover__image-background wp-image-510 has-parallax\" style=\"background-position:50% 50%;background-image:url(https:\/\/chateaudechanze.com\/wp-content\/uploads\/2024\/10\/20210621_085749-scaled.jpg)\"><\/div><span aria-hidden=\"true\" class=\"wp-block-cover__background has-background-dim-0 has-background-dim\" style=\"background-color:#8d806a\"><\/span><div class=\"wp-block-cover__inner-container is-layout-flow wp-block-cover-is-layout-flow\">\n<p class=\"has-text-align-center has-large-font-size\"><\/p>\n<\/div><\/div>\n\n<div class=\"wp-block-group alignfull has-global-padding is-layout-constrained wp-container-core-group-is-layout-d89aad35 wp-block-group-is-layout-constrained\" style=\"margin-top:0;margin-bottom:0;padding-top:var(--wp--preset--spacing--50);padding-right:var(--wp--preset--spacing--50);padding-bottom:var(--wp--preset--spacing--50);padding-left:var(--wp--preset--spacing--50)\">\n<div class=\"wp-block-group alignwide has-base-2-background-color has-background has-global-padding is-layout-constrained wp-container-core-group-is-layout-39412042 wp-block-group-is-layout-constrained\" style=\"border-radius:16px;padding-top:var(--wp--preset--spacing--40);padding-right:var(--wp--preset--spacing--50);padding-bottom:var(--wp--preset--spacing--40);padding-left:var(--wp--preset--spacing--50)\">\n<div style=\"height:var(--wp--preset--spacing--10)\" aria-hidden=\"true\" class=\"wp-block-spacer\"><\/div>\n\n\n\n<h2 class=\"wp-block-heading has-text-align-center has-x-large-font-size\">Kontaktieren Sie uns.<\/h2>\n\n\n\n<p class=\"has-text-align-center has-large-font-size\">Tel: <a href=\"tel:\">+33 (0)6 38 22 53 32<\/a><\/p>\n\n\n\n<div class=\"wp-block-buttons is-content-justification-center is-layout-flex wp-container-core-buttons-is-layout-a89b3969 wp-block-buttons-is-layout-flex\">\n<div class=\"wp-block-button has-custom-width wp-block-button__width-50\"><a class=\"wp-block-button__link wp-element-button\" href=\"info@chateaudechanze.com\">E-Mail<\/a><\/div>\n<\/div>\n\n\n\n<div style=\"height:var(--wp--preset--spacing--10)\" aria-hidden=\"true\" class=\"wp-block-spacer\"><\/div>\n<\/div>\n<\/div>\n\n<p><\/p>\n","protected":false},"excerpt":{"rendered":"<p>Appartement Chinon Dieses charmante Feriendomizil bietet eine Mischung aus rustikaler Eleganz und modernem Komfort inmitten der wundersch\u00f6nen franz\u00f6sischen Landschaft. Das \u00c4u\u00dfere des Cottages besteht aus klassischen Steinmauern, die durch malerisches Mauerwerk akzentuiert werden und von lebhaften Blumenbeeten umgeben sind. Ein gem\u00fctlicher Sitzbereich im Freien l\u00e4dt zu einem ruhigen Morgenkaffee oder einem ruhigen Abend mit einem [&hellip;]<\/p>\n","protected":false},"author":1,"featured_media":0,"parent":1074,"menu_order":3,"comment_status":"closed","ping_status":"closed","template":"","meta":{"footnotes":""},"class_list":["post-1082","page","type-page","status-publish","hentry"],"_links":{"self":[{"href":"https:\/\/chateaudechanze.com\/de\/wp-json\/wp\/v2\/pages\/1082","targetHints":{"allow":["GET"]}}],"collection":[{"href":"https:\/\/chateaudechanze.com\/de\/wp-json\/wp\/v2\/pages"}],"about":[{"href":"https:\/\/chateaudechanze.com\/de\/wp-json\/wp\/v2\/types\/page"}],"author":[{"embeddable":true,"href":"https:\/\/chateaudechanze.com\/de\/wp-json\/wp\/v2\/users\/1"}],"replies":[{"embeddable":true,"href":"https:\/\/chateaudechanze.com\/de\/wp-json\/wp\/v2\/comments?post=1082"}],"version-history":[{"count":2,"href":"https:\/\/chateaudechanze.com\/de\/wp-json\/wp\/v2\/pages\/1082\/revisions"}],"predecessor-version":[{"id":1543,"href":"https:\/\/chateaudechanze.com\/de\/wp-json\/wp\/v2\/pages\/1082\/revisions\/1543"}],"up":[{"embeddable":true,"href":"https:\/\/chateaudechanze.com\/de\/wp-json\/wp\/v2\/pages\/1074"}],"wp:attachment":[{"href":"https:\/\/chateaudechanze.com\/de\/wp-json\/wp\/v2\/media?parent=1082"}],"curies":[{"name":"wp","href":"https:\/\/api.w.org\/{rel}","templated":true}]}}