{"id":1090,"date":"2024-05-28T11:09:35","date_gmt":"2024-05-28T09:09:35","guid":{"rendered":"https:\/\/cdc.interactivesites.de\/hier-sind-wir\/ihr-gastgeber\/"},"modified":"2025-09-22T09:07:10","modified_gmt":"2025-09-22T07:07:10","slug":"ihr-gastgeber","status":"publish","type":"page","link":"https:\/\/chateaudechanze.com\/de\/ihr-gastgeber\/","title":{"rendered":"Ihre Gastgeber"},"content":{"rendered":"\n<p>Bonjour! Kia Ora! Hallo! Guten Tag! Wir sind Sonja und Michael und Michael hat 2015 die Leitung dieses wundersch\u00f6nen Ch\u00e2teau und Bauernhauses aus dem 11. Jahrhundert \u00fcbernommen, das sich seit 1993 im Besitz seiner Familie befindet. Michael kommt urspr\u00fcnglich aus der Schweiz und zog nach Frankreich, nachdem er \u00fcber 20 Jahre in Neuseeland gelebt hatte. Sonja kommt urspr\u00fcnglich aus Deutschland und lebt ebenfalls seit \u00fcber 20 Jahren in Neuseeland.<\/p>\n\n<p>Als bekennende Feinschmecker teilen wir die Liebe zu gutem Essen, Wein, Musik und guter Gesellschaft, die man in der umliegenden Region des Loire-Tals in H\u00fclle und F\u00fclle finden kann.  <\/p>\n\n<p>Michael hat eine Ausbildung in Hotel- und Restaurantmanagement in Luzern absolviert und arbeitet in der Nebensaison als privater Reiseleiter in Neuseeland, w\u00e4hrend Sonja als Reiseb\u00fcro in Neuseeland t\u00e4tig ist. Wir haben einen entspannten und freundlichen, aber dennoch effizienten Managementstil inmitten dieser sch\u00f6nen Umgebung entwickelt.<\/p>\n\n<p>Wir sprechen flie\u00dfend Schweizerisch (Deutsch), Hochdeutsch, Franz\u00f6sisch (meistens) und Englisch.<\/p>\n\n<figure class=\"wp-block-image aligncenter size-full is-resized\"><img loading=\"lazy\" decoding=\"async\" width=\"1440\" height=\"2560\" src=\"https:\/\/chateaudechanze.com\/wp-content\/uploads\/2025\/09\/20230902_152623-scaled.jpg\" alt=\"\" class=\"wp-image-1456\" style=\"width:303px;height:auto\" srcset=\"https:\/\/chateaudechanze.com\/wp-content\/uploads\/2025\/09\/20230902_152623-scaled.jpg 1440w, https:\/\/chateaudechanze.com\/wp-content\/uploads\/2025\/09\/20230902_152623-169x300.jpg 169w, https:\/\/chateaudechanze.com\/wp-content\/uploads\/2025\/09\/20230902_152623-576x1024.jpg 576w, https:\/\/chateaudechanze.com\/wp-content\/uploads\/2025\/09\/20230902_152623-768x1365.jpg 768w, https:\/\/chateaudechanze.com\/wp-content\/uploads\/2025\/09\/20230902_152623-50x89.jpg 50w, https:\/\/chateaudechanze.com\/wp-content\/uploads\/2025\/09\/20230902_152623-1600x2844.jpg 1600w, https:\/\/chateaudechanze.com\/wp-content\/uploads\/2025\/09\/20230902_152623-864x1536.jpg 864w, https:\/\/chateaudechanze.com\/wp-content\/uploads\/2025\/09\/20230902_152623-1152x2048.jpg 1152w\" sizes=\"auto, (max-width: 1440px) 100vw, 1440px\" \/><\/figure>\n\n<p><\/p>\n","protected":false},"excerpt":{"rendered":"<p>Bonjour! Kia Ora! Hallo! Guten Tag! Wir sind Sonja und Michael und Michael hat 2015 die Leitung dieses wundersch\u00f6nen Ch\u00e2teau und Bauernhauses aus dem 11. Jahrhundert \u00fcbernommen, das sich seit 1993 im Besitz seiner Familie befindet. Michael kommt urspr\u00fcnglich aus der Schweiz und zog nach Frankreich, nachdem er \u00fcber 20 Jahre in Neuseeland gelebt hatte. [&hellip;]<\/p>\n","protected":false},"author":1,"featured_media":0,"parent":0,"menu_order":10,"comment_status":"closed","ping_status":"closed","template":"","meta":{"footnotes":""},"class_list":["post-1090","page","type-page","status-publish","hentry"],"_links":{"self":[{"href":"https:\/\/chateaudechanze.com\/de\/wp-json\/wp\/v2\/pages\/1090","targetHints":{"allow":["GET"]}}],"collection":[{"href":"https:\/\/chateaudechanze.com\/de\/wp-json\/wp\/v2\/pages"}],"about":[{"href":"https:\/\/chateaudechanze.com\/de\/wp-json\/wp\/v2\/types\/page"}],"author":[{"embeddable":true,"href":"https:\/\/chateaudechanze.com\/de\/wp-json\/wp\/v2\/users\/1"}],"replies":[{"embeddable":true,"href":"https:\/\/chateaudechanze.com\/de\/wp-json\/wp\/v2\/comments?post=1090"}],"version-history":[{"count":3,"href":"https:\/\/chateaudechanze.com\/de\/wp-json\/wp\/v2\/pages\/1090\/revisions"}],"predecessor-version":[{"id":1567,"href":"https:\/\/chateaudechanze.com\/de\/wp-json\/wp\/v2\/pages\/1090\/revisions\/1567"}],"wp:attachment":[{"href":"https:\/\/chateaudechanze.com\/de\/wp-json\/wp\/v2\/media?parent=1090"}],"curies":[{"name":"wp","href":"https:\/\/api.w.org\/{rel}","templated":true}]}}