{"id":1094,"date":"2024-05-28T11:09:35","date_gmt":"2024-05-28T09:09:35","guid":{"rendered":"https:\/\/cdc.interactivesites.de\/preise\/"},"modified":"2025-10-06T10:28:12","modified_gmt":"2025-10-06T08:28:12","slug":"preise","status":"publish","type":"page","link":"https:\/\/chateaudechanze.com\/de\/preise\/","title":{"rendered":"Preise"},"content":{"rendered":"\n<h2 class=\"wp-block-heading\">Ch\u00e2teau de Chanz\u00e9 Preise 2027<\/h2>\n\n\n\n<p>Einzelpersonen teilen sich ein Zimmer mit zwei Betten<\/p>\n\n\n\n<h3 class=\"wp-block-heading alignwide\">Die Preise basieren auf einer Belegung von 10 &#8211; 15 G\u00e4sten (nur Ch\u00e2teau)<\/h3>\n\n\n\n<figure class=\"wp-block-table alignwide\"><table class=\"has-fixed-layout\"><tbody><tr><th>Mietdauer<\/th><th>3 N\u00e4chte<\/th><th>4 N\u00e4chte<\/th><th>5 N\u00e4chte<\/th><th>6 N\u00e4chte<\/th><th>Weekly<\/th><\/tr><tr><td>Mai &#8211; Juni<\/td><td>\u20ac 4,000.00<\/td><td>\u20ac 4,500.00<\/td><td>\u20ac 5,000.00<\/td><td>\u20ac 5,500.00<\/td><td>\u20ac 6,000.00<\/td><\/tr><tr><td>Juli &#8211; August<\/td><td>NA<\/td><td>NA<\/td><td>NA<\/td><td>NA<\/td><td>\u20ac 7,000.00<\/td><\/tr><tr><td>Sept &#8211; Oktober<\/td><td>\u20ac 4,000.00<\/td><td>\u20ac 4,500.00<\/td><td>\u20ac 5,000.00<\/td><td>\u20ac 5,500.00<\/td><td>\u20ac 6,000.00<\/td><\/tr><\/tbody><\/table><\/figure>\n\n\n\n<h3 class=\"wp-block-heading alignwide\">15 G\u00e4ste (10 G\u00e4ste im Ch\u00e2teau &amp; 5 G\u00e4ste in den Appartements)<\/h3>\n\n\n\n<figure class=\"wp-block-table alignwide\"><table class=\"has-fixed-layout\"><tbody><tr><th>Mietdauer<\/th><th>3 N\u00e4chte<\/th><th>4 N\u00e4chte<\/th><th>5 N\u00e4chte<\/th><th>6 N\u00e4chte<\/th><th>Weekly<\/th><\/tr><tr><td>Mai &#8211; Juni<\/td><td>\u20ac 4,750.00<\/td><td>\u20ac 5,500.00<\/td><td>\u20ac 6,250.00<\/td><td>\u20ac 7,000.00<\/td><td>\u20ac 7,250.00<\/td><\/tr><tr><td>Juli &#8211; August<\/td><td>NA<\/td><td>NA<\/td><td>NA<\/td><td>NA<\/td><td>\u20ac 8,250.00<\/td><\/tr><tr><td>Sept &#8211; Oktober<\/td><td>\u20ac 4,750.00<\/td><td>\u20ac 5,500.00<\/td><td>\u20ac 6,250.00<\/td><td>\u20ac 7,000.00<\/td><td>\u20ac 7,250.00<\/td><\/tr><\/tbody><\/table><\/figure>\n\n\n\n<h3 class=\"wp-block-heading alignwide\">20 G\u00e4ste (10 G\u00e4ste im Ch\u00e2teau &amp; 10 G\u00e4ste in den Appartements)<\/h3>\n\n\n\n<figure class=\"wp-block-table alignwide\"><table class=\"has-fixed-layout\"><tbody><tr><th>Mietdauer<\/th><th>3 N\u00e4chte<\/th><th>4 N\u00e4chte<\/th><th>5 N\u00e4chte<\/th><th>6 N\u00e4chte<\/th><th>Weekly<\/th><\/tr><tr><td>Mai &#8211; Juni<\/td><td>\u20ac 5,500.00<\/td><td>\u20ac 6,250.00<\/td><td>\u20ac 7,000.00<\/td><td>\u20ac 7,750.00<\/td><td>\u20ac 8,500.00<\/td><\/tr><tr><td>Juli &#8211; August<\/td><td>NA<\/td><td>NA<\/td><td>NA<\/td><td>NA<\/td><td>\u20ac 9,500.00<\/td><\/tr><tr><td>Sept &#8211; Oktober<\/td><td>\u20ac 5,500.00<\/td><td>\u20ac 6,250.00<\/td><td>\u20ac 7,000.00<\/td><td>\u20ac 7,750.00<\/td><td>\u20ac 8,500.00<\/td><\/tr><\/tbody><\/table><\/figure>\n\n\n\n<h3 class=\"wp-block-heading alignwide\">25 G\u00e4ste (10 G\u00e4ste im Ch\u00e2teau &amp; 15 G\u00e4ste in den Appartements)<\/h3>\n\n\n\n<figure class=\"wp-block-table alignwide\"><table class=\"has-fixed-layout\"><tbody><tr><th>Mietdauer<\/th><th>3 N\u00e4chte<\/th><th>4 N\u00e4chte<\/th><th>5 N\u00e4chte<\/th><th>6 N\u00e4chte<\/th><th>Weekly<\/th><\/tr><tr><td>Mai &#8211; Juni<\/td><td>\u20ac 6,250.00<\/td><td>\u20ac 7,000.00<\/td><td>\u20ac 7,750.00<\/td><td>\u20ac 8,500.00<\/td><td>\u20ac 9,250.00<\/td><\/tr><tr><td>Juli &#8211; August<\/td><td>NA<\/td><td>NA<\/td><td>NA<\/td><td>NA<\/td><td>\u20ac 10,250.00<\/td><\/tr><tr><td>Sept &#8211; Oktober<\/td><td>\u20ac 6,250.00<\/td><td>\u20ac 7,000.00<\/td><td>\u20ac 7,750.00<\/td><td>\u20ac 8,500.00<\/td><td>\u20ac 9,250.00<\/td><\/tr><\/tbody><\/table><\/figure>\n\n\n\n<h3 class=\"wp-block-heading alignwide\">30 G\u00e4ste (10 G\u00e4ste im Ch\u00e2teau &amp; 20 G\u00e4ste in Appartements und Studios)<\/h3>\n\n\n\n<figure class=\"wp-block-table alignwide\"><table class=\"has-fixed-layout\"><tbody><tr><th>Mietdauer<\/th><th>3 N\u00e4chte<\/th><th>4 N\u00e4chte<\/th><th>5 N\u00e4chte<\/th><th>6 N\u00e4chte<\/th><th>Weekly<\/th><\/tr><tr><td>Mai &#8211; Juni<\/td><td>\u20ac 7,250.00<\/td><td>\u20ac 8,000.00<\/td><td>\u20ac 8,750.00<\/td><td>\u20ac 9,500.00<\/td><td>\u20ac 10,250.00<\/td><\/tr><tr><td>Juli &#8211; August<\/td><td>NA<\/td><td>NA<\/td><td>NA<\/td><td>NA<\/td><td>\u20ac 11,250.00<\/td><\/tr><tr><td>Sept &#8211; Oktober<\/td><td>\u20ac 7,250.00<\/td><td>\u20ac 8,000.00<\/td><td>\u20ac 8,750.00<\/td><td>\u20ac 9,500.00<\/td><td>\u20ac 10,250.00<\/td><\/tr><\/tbody><\/table><\/figure>\n\n\n\n<h3 class=\"wp-block-heading alignwide\">35 G\u00e4ste (10 G\u00e4ste im Ch\u00e2teau und 25 G\u00e4ste in Appartements und Studios)<\/h3>\n\n\n\n<figure class=\"wp-block-table alignwide\"><table class=\"has-fixed-layout\"><tbody><tr><th>Mietdauer<\/th><th>3 N\u00e4chte<\/th><th>4 N\u00e4chte<\/th><th>5 N\u00e4chte<\/th><th>6 N\u00e4chte<\/th><th>Weekly<\/th><\/tr><tr><td>Mai &#8211; Juni<\/td><td>\u20ac 8,250.00<\/td><td>\u20ac 9,000.00<\/td><td>\u20ac 9,750.00<\/td><td>\u20ac 10,500.00<\/td><td>\u20ac 11,250.00<\/td><\/tr><tr><td>Juli &#8211; August<\/td><td>NA<\/td><td>NA<\/td><td>NA<\/td><td>NA<\/td><td>\u20ac 12,250.00<\/td><\/tr><tr><td>Sept &#8211; Oktober<\/td><td>\u20ac 8,250.00<\/td><td>\u20ac 9,000.00<\/td><td>\u20ac 9,750.00<\/td><td>\u20ac 10,500.00<\/td><td>\u20ac 11,250.00<\/td><\/tr><\/tbody><\/table><\/figure>\n\n\n\n<h3 class=\"wp-block-heading alignwide\">40 G\u00e4ste (15 G\u00e4ste im Ch\u00e2teau und 25 G\u00e4ste in Appartements und Studios)<\/h3>\n\n\n\n<figure class=\"wp-block-table alignwide\"><table class=\"has-fixed-layout\"><tbody><tr><th>Mietdauer<\/th><th>3 N\u00e4chte<\/th><th>4 N\u00e4chte<\/th><th>5 N\u00e4chte<\/th><th>6 N\u00e4chte<\/th><th>Weekly<\/th><\/tr><tr><td>Mai &#8211; Juni<\/td><td>\u20ac 9,250.00<\/td><td>\u20ac 10,000.00<\/td><td>\u20ac 10,750.00<\/td><td>\u20ac 11,500.00<\/td><td>\u20ac 12,250.00<\/td><\/tr><tr><td>Juli &#8211; August<\/td><td>NA<\/td><td>NA<\/td><td>NA<\/td><td>NA<\/td><td>\u20ac 13,250.00<\/td><\/tr><tr><td>Sept &#8211; Oktober<\/td><td>\u20ac 9,250.00<\/td><td>\u20ac 10,000.00<\/td><td>\u20ac 10,750.00<\/td><td>\u20ac 11,500.00<\/td><td>\u20ac 12,250.00<\/td><\/tr><\/tbody><\/table><\/figure>\n\n\n\n<h3 class=\"wp-block-heading\">Erg\u00e4nzende Geb\u00fchren<\/h3>\n\n\n\n<ul class=\"wp-block-list\">\n<li>Hochzeiten &amp; Veranstaltungszuschlag: \u20ac 1.000,00<\/li>\n\n\n\n<li>Vollst\u00e4ndig r\u00fcckzahlbare Kaution: \u20ac 1.000,00<\/li>\n\n\n\n<li>Zuschlag f\u00fcr Einzelbelegung*: 50,00 \u20ac pro Nacht<\/li>\n\n\n\n<li>Zentralheizung des Schlosses: \u20ac 75,00 pro Tag<\/li>\n\n\n\n<li>Zimmerwechsel, Bettw\u00e4sche, Handt\u00fccher, Reinigung: \u20ac 75,00 pro Zimmer<\/li>\n\n\n\n<li>Extra Brennholz: \u20ac 50,00 pro Nachf\u00fcllung<\/li>\n\n\n\n<li>Extra Reinigung: \u20ac 35,00 pro Stunde<\/li>\n<\/ul>\n\n\n\n<p>* Einzelzimmer werden als Zweibettzimmer untergebracht. F\u00fcr Einzelzimmer kann ein Aufpreis von 50 \u20ac pro Nacht erhoben werden. <\/p>\n\n\n\n<div class=\"wp-block-group alignfull has-global-padding is-layout-constrained wp-container-core-group-is-layout-d89aad35 wp-block-group-is-layout-constrained\" style=\"margin-top:0;margin-bottom:0;padding-top:var(--wp--preset--spacing--50);padding-right:var(--wp--preset--spacing--50);padding-bottom:var(--wp--preset--spacing--50);padding-left:var(--wp--preset--spacing--50)\">\n<div class=\"wp-block-group alignwide has-base-2-background-color has-background has-global-padding is-layout-constrained wp-container-core-group-is-layout-39412042 wp-block-group-is-layout-constrained\" style=\"border-radius:16px;padding-top:var(--wp--preset--spacing--40);padding-right:var(--wp--preset--spacing--50);padding-bottom:var(--wp--preset--spacing--40);padding-left:var(--wp--preset--spacing--50)\">\n<div style=\"height:var(--wp--preset--spacing--10)\" aria-hidden=\"true\" class=\"wp-block-spacer\"><\/div>\n\n\n\n<h2 class=\"wp-block-heading has-text-align-center has-x-large-font-size\">Kontaktieren Sie uns.<\/h2>\n\n\n\n<p class=\"has-text-align-center has-large-font-size\">Tel: <a href=\"tel:\">+33 (0)6 38 22 53 32<\/a><\/p>\n\n\n\n<div class=\"wp-block-buttons is-content-justification-center is-layout-flex wp-container-core-buttons-is-layout-a89b3969 wp-block-buttons-is-layout-flex\">\n<div class=\"wp-block-button has-custom-width wp-block-button__width-50\"><a class=\"wp-block-button__link wp-element-button\" href=\"info@chateaudechanze.com\">E-Mail<\/a><\/div>\n<\/div>\n\n\n\n<div style=\"height:var(--wp--preset--spacing--10)\" aria-hidden=\"true\" class=\"wp-block-spacer\"><\/div>\n<\/div>\n<\/div>\n","protected":false},"excerpt":{"rendered":"<p>Ch\u00e2teau de Chanz\u00e9 Preise 2027 Einzelpersonen teilen sich ein Zimmer mit zwei Betten Die Preise basieren auf einer Belegung von 10 &#8211; 15 G\u00e4sten (nur Ch\u00e2teau) Mietdauer 3 N\u00e4chte 4 N\u00e4chte 5 N\u00e4chte 6 N\u00e4chte Weekly Mai &#8211; Juni \u20ac 4,000.00 \u20ac 4,500.00 \u20ac 5,000.00 \u20ac 5,500.00 \u20ac 6,000.00 Juli &#8211; August NA NA NA [&hellip;]<\/p>\n","protected":false},"author":1,"featured_media":0,"parent":0,"menu_order":6,"comment_status":"closed","ping_status":"closed","template":"","meta":{"footnotes":""},"class_list":["post-1094","page","type-page","status-publish","hentry"],"_links":{"self":[{"href":"https:\/\/chateaudechanze.com\/de\/wp-json\/wp\/v2\/pages\/1094","targetHints":{"allow":["GET"]}}],"collection":[{"href":"https:\/\/chateaudechanze.com\/de\/wp-json\/wp\/v2\/pages"}],"about":[{"href":"https:\/\/chateaudechanze.com\/de\/wp-json\/wp\/v2\/types\/page"}],"author":[{"embeddable":true,"href":"https:\/\/chateaudechanze.com\/de\/wp-json\/wp\/v2\/users\/1"}],"replies":[{"embeddable":true,"href":"https:\/\/chateaudechanze.com\/de\/wp-json\/wp\/v2\/comments?post=1094"}],"version-history":[{"count":8,"href":"https:\/\/chateaudechanze.com\/de\/wp-json\/wp\/v2\/pages\/1094\/revisions"}],"predecessor-version":[{"id":1607,"href":"https:\/\/chateaudechanze.com\/de\/wp-json\/wp\/v2\/pages\/1094\/revisions\/1607"}],"wp:attachment":[{"href":"https:\/\/chateaudechanze.com\/de\/wp-json\/wp\/v2\/media?parent=1094"}],"curies":[{"name":"wp","href":"https:\/\/api.w.org\/{rel}","templated":true}]}}