{"id":1096,"date":"2024-05-28T11:09:35","date_gmt":"2024-05-28T09:09:35","guid":{"rendered":"https:\/\/cdc.interactivesites.de\/la-douceur-angevine-die-suesse-des-anjou\/"},"modified":"2025-09-22T09:04:36","modified_gmt":"2025-09-22T07:04:36","slug":"la-douceur-angevine-die-suesse-des-anjou","status":"publish","type":"page","link":"https:\/\/chateaudechanze.com\/de\/la-douceur-angevine-die-suesse-des-anjou\/","title":{"rendered":"La douceur angevine &#8211; die S\u00fc\u00dfe des Anjou"},"content":{"rendered":"\n<div class=\"wp-block-cover alignfull is-light has-parallax\" style=\"padding-top:var(--wp--preset--spacing--50);padding-right:var(--wp--preset--spacing--50);padding-bottom:var(--wp--preset--spacing--50);padding-left:var(--wp--preset--spacing--50);min-height:100vh;aspect-ratio:unset;\"><div class=\"wp-block-cover__image-background wp-image-1292 has-parallax\" style=\"background-position:50% 50%;background-image:url(https:\/\/chateaudechanze.com\/wp-content\/uploads\/2025\/03\/20230910_201222-scaled.jpg)\"><\/div><span aria-hidden=\"true\" class=\"wp-block-cover__background has-base-background-color has-background-dim-0 has-background-dim\"><\/span><div class=\"wp-block-cover__inner-container has-global-padding is-layout-constrained wp-container-core-cover-is-layout-e4fd886c wp-block-cover-is-layout-constrained\">\n<div style=\"height:500px\" aria-hidden=\"true\" class=\"wp-block-spacer\"><\/div>\n<\/div><\/div>\n\n<div class=\"wp-block-group alignfull has-background has-global-padding is-layout-constrained wp-container-core-group-is-layout-0c784bfc wp-block-group-is-layout-constrained\" style=\"border-bottom-style:none;border-bottom-width:0px;background-color:#ffffff;padding-top:64px;padding-right:20px;padding-bottom:64px;padding-left:20px\">\n<div class=\"wp-block-columns alignwide are-vertically-aligned-center is-layout-flex wp-container-core-columns-is-layout-269740e5 wp-block-columns-is-layout-flex\">\n<div class=\"wp-block-column is-vertically-aligned-center is-layout-flow wp-container-core-column-is-layout-8eebadab wp-block-column-is-layout-flow\" style=\"flex-basis:50%\">\n<div class=\"wp-block-group is-vertical is-layout-flex wp-container-core-group-is-layout-b2c973f4 wp-block-group-is-layout-flex\">\n<h2 class=\"wp-block-heading has-text-align-left has-contrast-color has-text-color\">Empfohlene Aktivit\u00e4ten<\/h2>\n\n\n\n<p>Die Anjou im Loiretal ist ber\u00fchmt f\u00fcr ihr mildes Klima, ihren beneidenswerten Lebensstil und ihre nat\u00fcrliche Sch\u00f6nheit und ist das perfekte Reiseziel f\u00fcr Natur- und Kulturliebhaber gleicherma\u00dfen.<\/p>\n\n\n\n<p>Hier finden Sie einen der sch\u00f6nsten Abschnitte des l\u00e4ngsten Flusses Frankreichs und seine bemerkenswerte Umgebung, die von der UNESCO als Weltkulturerbe f\u00fcr ihre lebendige und kulturelle Landschaft ausgezeichnet wurde.<\/p>\n\n\n\n<p>Wandeln Sie auf den Spuren der Geschichte zwischen den Weinbergen, den Chateaux und den D\u00f6rfern der Region auf den zahlreichen Wanderwegen, die durch die Landschaft f\u00fchren.<\/p>\n\n\n\n<p>Radeln Sie auf den Loire-\u00e0-V\u00e9lo-Radwegen, schlendern Sie durch die herrlichen G\u00e4rten und Parks oder genie\u00dfen Sie einfach den Wein und das Essen, das die Region zu bieten hat.<\/p>\n<\/div>\n<\/div>\n\n\n\n<div class=\"wp-block-column is-vertically-aligned-center is-layout-flow wp-block-column-is-layout-flow\">\n<figure class=\"wp-block-image size-full is-style-rounded is-style-rounded--1\"><img loading=\"lazy\" decoding=\"async\" width=\"460\" height=\"277\" src=\"https:\/\/chateaudechanze.com\/wp-content\/uploads\/2024\/05\/image-10.png\" alt=\"\" class=\"wp-image-227\" style=\"aspect-ratio:3\/2;object-fit:cover\" srcset=\"https:\/\/chateaudechanze.com\/wp-content\/uploads\/2024\/05\/image-10.png 460w, https:\/\/chateaudechanze.com\/wp-content\/uploads\/2024\/05\/image-10-300x181.png 300w\" sizes=\"auto, (max-width: 460px) 100vw, 460px\" \/><\/figure>\n<\/div>\n<\/div>\n\n\n\n<div class=\"wp-block-columns alignwide are-vertically-aligned-center is-layout-flex wp-container-core-columns-is-layout-269740e5 wp-block-columns-is-layout-flex\">\n<div class=\"wp-block-column is-vertically-aligned-center is-layout-flow wp-block-column-is-layout-flow\">\n<figure class=\"wp-block-video\"><video height=\"850\" style=\"aspect-ratio: 478 \/ 850;\" width=\"478\" controls=\"\" src=\"https:\/\/chateaudechanze.com\/wp-content\/uploads\/2025\/09\/Hot-air-balloon-1.mp4\"><\/video><\/figure>\n<\/div>\n\n\n\n<div class=\"wp-block-column is-vertically-aligned-center is-layout-flow wp-container-core-column-is-layout-8eebadab wp-block-column-is-layout-flow\" style=\"flex-basis:50%\">\n<div class=\"wp-block-group is-vertical is-layout-flex wp-container-core-group-is-layout-b2c973f4 wp-block-group-is-layout-flex\">\n<h2 class=\"wp-block-heading has-text-align-left\">Schweben Sie in einem Hei\u00dfluftballon \u00fcber die malerische Landschaft&#8230;<\/h2>\n\n\n\n<p class=\"has-text-align-left\">Entdecken Sie die Region von hoch oben, schweben Sie sanft mit dem Wind \u00fcber sanfte Landschaften und werfen Sie einen Blick in all die G\u00e4rten, die hinter Mauern versteckt sind. Geduld und Reservierung unbedingt erforderlich!   <\/p>\n<\/div>\n<\/div>\n<\/div>\n<\/div>\n\n<div class=\"wp-block-group alignfull has-background has-global-padding is-layout-constrained wp-container-core-group-is-layout-0c784bfc wp-block-group-is-layout-constrained\" style=\"border-bottom-style:none;border-bottom-width:0px;background-color:#ffffff;padding-top:64px;padding-right:20px;padding-bottom:64px;padding-left:20px\">\n<div class=\"wp-block-columns alignwide are-vertically-aligned-center is-layout-flex wp-container-core-columns-is-layout-269740e5 wp-block-columns-is-layout-flex\">\n<div class=\"wp-block-column is-vertically-aligned-center is-layout-flow wp-container-core-column-is-layout-8eebadab wp-block-column-is-layout-flow\" style=\"flex-basis:50%\">\n<div class=\"wp-block-group is-vertical is-layout-flex wp-container-core-group-is-layout-b2c973f4 wp-block-group-is-layout-flex\">\n<h2 class=\"wp-block-heading has-text-align-left has-contrast-color has-text-color\">Entdecken Sie mit Ch\u00e2teau de Chanz\u00e9 die Weine der Anjou f\u00fcr einen einzigartigen und unvergesslichen Tag.<\/h2>\n\n\n\n<p>Entspannen Sie sich bei einer ma\u00dfgeschneiderten regionalen Weinprobe vor Ort oder besuchen Sie die \u00f6rtlichen Weing\u00fcter<a href=\"http:\/\/loirevalleywine.com\/explore-the-region\/\" target=\"_blank\" rel=\"noreferrer noopener\"> loirevalleywine.com<\/a><a href=\"http:\/\/loirevalleywine.com\/explore-the-region\/\" target=\"_blank\" rel=\"noreferrer noopener\"><\/a><\/p>\n\n\n\n<p><strong>Ein wenig \u00fcber die Weinregion &#8211; Anjou<\/strong><\/p>\n\n\n\n<p>Das alte Herzogtum Anjou war einst eine politische Macht, die in Bezug auf Reichtum und Bedeutung mit dem K\u00f6nigreich Frankreich konkurrierte.<\/p>\n\n\n\n<p>Im Anjou werden viele der besten S\u00fc\u00dfweine des Loire-Tals erzeugt: Bonnezeaux, Coteaux du Layon und Quarts de Chaume, die alle aus Chenin Blanc hergestellt werden.<\/p>\n\n\n\n<p>Das Anjou ist auch die Heimat von Savenni\u00e8res, einem faszinierenden trockenen Chenin Blanc, sowie eines ausgezeichneten roten Anjou (aus Cabernet Franc) und des sehr beliebten, halbtrockenen Ros\u00e9 d&#8217;Anjou.<\/p>\n<\/div>\n<\/div>\n\n\n\n<div class=\"wp-block-column is-vertically-aligned-center is-layout-flow wp-block-column-is-layout-flow\">\n<figure class=\"wp-block-image size-full is-style-rounded is-style-rounded--2\"><img loading=\"lazy\" decoding=\"async\" width=\"1600\" height=\"900\" src=\"https:\/\/chateaudechanze.com\/wp-content\/uploads\/2025\/02\/WhatsApp-Image-2025-02-20-at-02.22.16_e2a26d84.jpg\" alt=\"\" class=\"wp-image-1249\" srcset=\"https:\/\/chateaudechanze.com\/wp-content\/uploads\/2025\/02\/WhatsApp-Image-2025-02-20-at-02.22.16_e2a26d84.jpg 1600w, https:\/\/chateaudechanze.com\/wp-content\/uploads\/2025\/02\/WhatsApp-Image-2025-02-20-at-02.22.16_e2a26d84-300x169.jpg 300w, https:\/\/chateaudechanze.com\/wp-content\/uploads\/2025\/02\/WhatsApp-Image-2025-02-20-at-02.22.16_e2a26d84-1024x576.jpg 1024w, https:\/\/chateaudechanze.com\/wp-content\/uploads\/2025\/02\/WhatsApp-Image-2025-02-20-at-02.22.16_e2a26d84-768x432.jpg 768w, https:\/\/chateaudechanze.com\/wp-content\/uploads\/2025\/02\/WhatsApp-Image-2025-02-20-at-02.22.16_e2a26d84-50x28.jpg 50w, https:\/\/chateaudechanze.com\/wp-content\/uploads\/2025\/02\/WhatsApp-Image-2025-02-20-at-02.22.16_e2a26d84-1536x864.jpg 1536w\" sizes=\"auto, (max-width: 1600px) 100vw, 1600px\" \/><\/figure>\n<\/div>\n<\/div>\n\n\n\n<div class=\"wp-block-columns alignwide are-vertically-aligned-center is-layout-flex wp-container-core-columns-is-layout-269740e5 wp-block-columns-is-layout-flex\">\n<div class=\"wp-block-column is-vertically-aligned-center is-layout-flow wp-block-column-is-layout-flow\">\n<figure class=\"wp-block-image size-large\"><img loading=\"lazy\" decoding=\"async\" width=\"1024\" height=\"1024\" src=\"https:\/\/chateaudechanze.com\/wp-content\/uploads\/2024\/05\/image-15-1024x1024.png\" alt=\"\" class=\"wp-image-243\" srcset=\"https:\/\/chateaudechanze.com\/wp-content\/uploads\/2024\/05\/image-15-1024x1024.png 1024w, https:\/\/chateaudechanze.com\/wp-content\/uploads\/2024\/05\/image-15-300x300.png 300w, https:\/\/chateaudechanze.com\/wp-content\/uploads\/2024\/05\/image-15-150x150.png 150w, https:\/\/chateaudechanze.com\/wp-content\/uploads\/2024\/05\/image-15-768x768.png 768w, https:\/\/chateaudechanze.com\/wp-content\/uploads\/2024\/05\/image-15.png 1070w\" sizes=\"auto, (max-width: 1024px) 100vw, 1024px\" \/><\/figure>\n<\/div>\n\n\n\n<div class=\"wp-block-column is-vertically-aligned-center is-layout-flow wp-container-core-column-is-layout-8eebadab wp-block-column-is-layout-flow\" style=\"flex-basis:50%\">\n<div class=\"wp-block-group is-vertical is-layout-flex wp-container-core-group-is-layout-b2c973f4 wp-block-group-is-layout-flex\">\n<h2 class=\"wp-block-heading has-text-align-left\">Wenn der ber\u00fcchtigte Orangenlik\u00f6r und die Geschichte Ihr Ding sind, dann ist eine F\u00fchrung durch die Cointreau-Destillerie in Angers ein Muss!<\/h2>\n\n\n\n<p>Entdecken Sie die Geschichte dieser kultigen Marke von der Orangenschale bis zur Flasche und schlie\u00dfen Sie mit einer Verkostung und einer Cocktailvorf\u00fchrung ab.<\/p>\n\n\n\n<p>Reservierungen sind unerl\u00e4sslich &#8211; wenden Sie sich direkt an die Destillerie <\/p>\n\n\n\n<p><a href=\"https:\/\/www.cointreau.com\/fr\/fr\/art-de-cointreau\/visites\" target=\"_blank\" rel=\"noreferrer noopener\">www.carre-cointreau.fr  <\/a><\/p>\n<\/div>\n<\/div>\n<\/div>\n<\/div>\n\n<div class=\"wp-block-group alignfull has-background has-global-padding is-layout-constrained wp-container-core-group-is-layout-0c784bfc wp-block-group-is-layout-constrained\" style=\"border-bottom-style:none;border-bottom-width:0px;background-color:#ffffff;padding-top:64px;padding-right:20px;padding-bottom:64px;padding-left:20px\">\n<div class=\"wp-block-columns alignwide are-vertically-aligned-center is-layout-flex wp-container-core-columns-is-layout-269740e5 wp-block-columns-is-layout-flex\">\n<div class=\"wp-block-column is-vertically-aligned-center is-layout-flow wp-container-core-column-is-layout-8eebadab wp-block-column-is-layout-flow\" style=\"flex-basis:50%\">\n<div class=\"wp-block-group is-vertical is-layout-flex wp-container-core-group-is-layout-b2c973f4 wp-block-group-is-layout-flex\">\n<h2 class=\"wp-block-heading has-text-align-left has-contrast-color has-text-color\">Radfahren und Wandern.<\/h2>\n\n\n\n<p>Die vielen <strong>Rad- und Wanderwege<\/strong> in der Anjou decken eine immense Vielfalt an Landschaften ab. Der Zugang zu einem Rad-\/Wanderweg befindet sich direkt gegen\u00fcber dem Grundst\u00fcck und folgt den alten Eisenbahnschienen der alten Anjou-Bahnlinie. <\/p>\n\n\n\n<p>Fahrradverleih bei <a href=\"http:\/\/www.1tour2roues.com\" target=\"_blank\" rel=\"noopener\">1tour2roues<\/a><\/p>\n\n\n\n<p>Nehmen Sie am j\u00e4hrlichen A<a class=\"\" href=\"http:\/\/www.anjou-velo-vintage.com\/de\/\" target=\"_blank\" rel=\"noreferrer noopener\">njou V\u00e9lo Vintage Festival <\/a>teil<\/p>\n<\/div>\n<\/div>\n\n\n\n<div class=\"wp-block-column is-vertically-aligned-center is-layout-flow wp-block-column-is-layout-flow\">\n<figure class=\"wp-block-image size-full is-resized is-style-rounded is-style-rounded--3\"><img loading=\"lazy\" decoding=\"async\" width=\"442\" height=\"589\" src=\"https:\/\/chateaudechanze.com\/wp-content\/uploads\/2024\/05\/image-16.png\" alt=\"\" class=\"wp-image-247\" style=\"aspect-ratio:0.5625;object-fit:cover;width:417px;height:auto\" srcset=\"https:\/\/chateaudechanze.com\/wp-content\/uploads\/2024\/05\/image-16.png 442w, https:\/\/chateaudechanze.com\/wp-content\/uploads\/2024\/05\/image-16-225x300.png 225w\" sizes=\"auto, (max-width: 442px) 100vw, 442px\" \/><\/figure>\n<\/div>\n<\/div>\n\n\n\n<div class=\"wp-block-columns alignwide are-vertically-aligned-center is-layout-flex wp-container-core-columns-is-layout-269740e5 wp-block-columns-is-layout-flex\">\n<div class=\"wp-block-column is-vertically-aligned-center is-layout-flow wp-block-column-is-layout-flow\">\n<figure class=\"wp-block-image size-full is-style-rounded is-style-rounded--4\"><img loading=\"lazy\" decoding=\"async\" width=\"410\" height=\"615\" src=\"https:\/\/chateaudechanze.com\/wp-content\/uploads\/2024\/05\/image-17.png\" alt=\"\" class=\"wp-image-250\" style=\"aspect-ratio:9\/16;object-fit:cover\" srcset=\"https:\/\/chateaudechanze.com\/wp-content\/uploads\/2024\/05\/image-17.png 410w, https:\/\/chateaudechanze.com\/wp-content\/uploads\/2024\/05\/image-17-200x300.png 200w\" sizes=\"auto, (max-width: 410px) 100vw, 410px\" \/><\/figure>\n<\/div>\n\n\n\n<div class=\"wp-block-column is-vertically-aligned-center is-layout-flow wp-container-core-column-is-layout-8eebadab wp-block-column-is-layout-flow\" style=\"flex-basis:50%\">\n<div class=\"wp-block-group is-vertical is-layout-flex wp-container-core-group-is-layout-b2c973f4 wp-block-group-is-layout-flex\">\n<h2 class=\"wp-block-heading has-text-align-left\">Eintauchen in die Geschichte<\/h2>\n\n\n\n<p>Sie haben die Wahl zwischen Hunderten von <strong>Schl\u00f6ssern, Kirchen, Abteien und historischen Denkm\u00e4lern<\/strong>, die Sie besuchen und bewundern k\u00f6nnen.<\/p>\n\n\n\n<p>Die Region bietet ein reiches kulturelles Erbe und einige Erlebnisse, die Sie nirgendwo sonst in Frankreich finden werden.<\/p>\n\n\n\n<p>Im nahegelegenen Brissac-Quinc\u00e9 steht das h\u00f6chste Schloss Frankreichs, im Ch\u00e2teau Angers k\u00f6nnen Sie den ber\u00fcchtigten Wandteppich der Apokalypse aus dem 14. Jahrhundert bewundern und das m\u00e4rchenhafte Chateau Saumur (Bild) \u00fcberblickt das majest\u00e4tische Loiretal.<\/p>\n<\/div>\n<\/div>\n<\/div>\n<\/div>\n\n<div class=\"wp-block-group alignfull has-background has-global-padding is-layout-constrained wp-container-core-group-is-layout-0c784bfc wp-block-group-is-layout-constrained\" style=\"border-bottom-style:none;border-bottom-width:0px;background-color:#ffffff;padding-top:64px;padding-right:20px;padding-bottom:64px;padding-left:20px\">\n<div class=\"wp-block-columns alignwide are-vertically-aligned-center is-layout-flex wp-container-core-columns-is-layout-269740e5 wp-block-columns-is-layout-flex\">\n<div class=\"wp-block-column is-vertically-aligned-center is-layout-flow wp-container-core-column-is-layout-8eebadab wp-block-column-is-layout-flow\" style=\"flex-basis:50%\">\n<div class=\"wp-block-group is-vertical is-layout-flex wp-container-core-group-is-layout-b2c973f4 wp-block-group-is-layout-flex\">\n<h2 class=\"wp-block-heading has-text-align-left has-contrast-color has-text-color\">Reiten.<\/h2>\n\n\n\n<p>Die klassische franz\u00f6sische Reitkunst mit ihrer prestigetr\u00e4chtigen Milit\u00e4rgeschichte ist die Grundlage f\u00fcr das <strong>Cadre Noir <\/strong>und den Unterricht der Schule.<\/p>\n\n\n\n<p>Auf der <a href=\"http:\/\/www.ifce.fr\/en\/cadre-noir\/visits-galas\/\" target=\"_blank\" class=\"\" rel=\"noreferrer noopener\">Website<\/a> finden Sie Informationen \u00fcber Besuche, \u00f6ffentliche Auff\u00fchrungen und offizielle Galas, die das ganze Jahr \u00fcber stattfinden. <\/p>\n<\/div>\n<\/div>\n\n\n\n<div class=\"wp-block-column is-vertically-aligned-center is-layout-flow wp-block-column-is-layout-flow\">\n<figure class=\"wp-block-image size-full is-style-rounded is-style-rounded--5\"><img loading=\"lazy\" decoding=\"async\" width=\"318\" height=\"159\" src=\"https:\/\/chateaudechanze.com\/wp-content\/uploads\/2024\/05\/image-18.png\" alt=\"\" class=\"wp-image-253\" style=\"aspect-ratio:16\/9;object-fit:cover\" srcset=\"https:\/\/chateaudechanze.com\/wp-content\/uploads\/2024\/05\/image-18.png 318w, https:\/\/chateaudechanze.com\/wp-content\/uploads\/2024\/05\/image-18-300x150.png 300w\" sizes=\"auto, (max-width: 318px) 100vw, 318px\" \/><\/figure>\n<\/div>\n<\/div>\n\n\n\n<div class=\"wp-block-group alignfull has-global-padding is-layout-constrained wp-container-core-group-is-layout-d89aad35 wp-block-group-is-layout-constrained\" style=\"margin-top:0;margin-bottom:0;padding-top:var(--wp--preset--spacing--50);padding-right:var(--wp--preset--spacing--50);padding-bottom:var(--wp--preset--spacing--50);padding-left:var(--wp--preset--spacing--50)\">\n<div class=\"wp-block-group alignwide has-base-2-background-color has-background has-global-padding is-layout-constrained wp-container-core-group-is-layout-39412042 wp-block-group-is-layout-constrained\" style=\"border-radius:16px;padding-top:var(--wp--preset--spacing--40);padding-right:var(--wp--preset--spacing--50);padding-bottom:var(--wp--preset--spacing--40);padding-left:var(--wp--preset--spacing--50)\">\n<div style=\"height:var(--wp--preset--spacing--10)\" aria-hidden=\"true\" class=\"wp-block-spacer\"><\/div>\n\n\n\n<h2 class=\"wp-block-heading has-text-align-center has-x-large-font-size\">Kontaktieren Sie uns.<\/h2>\n\n\n\n<p class=\"has-text-align-center has-large-font-size\">Tel: <a href=\"tel:\">+33 (0)6 38 22 53 32<\/a><\/p>\n\n\n\n<div class=\"wp-block-buttons is-content-justification-center is-layout-flex wp-container-core-buttons-is-layout-a89b3969 wp-block-buttons-is-layout-flex\">\n<div class=\"wp-block-button has-custom-width wp-block-button__width-50\"><a class=\"wp-block-button__link wp-element-button\" href=\"info@chateaudechanze.com\">E-Mail<\/a><\/div>\n<\/div>\n\n\n\n<div style=\"height:var(--wp--preset--spacing--10)\" aria-hidden=\"true\" class=\"wp-block-spacer\"><\/div>\n<\/div>\n<\/div>\n<\/div>\n","protected":false},"excerpt":{"rendered":"<p>Empfohlene Aktivit\u00e4ten Die Anjou im Loiretal ist ber\u00fchmt f\u00fcr ihr mildes Klima, ihren beneidenswerten Lebensstil und ihre nat\u00fcrliche Sch\u00f6nheit und ist das perfekte Reiseziel f\u00fcr Natur- und Kulturliebhaber gleicherma\u00dfen. Hier finden Sie einen der sch\u00f6nsten Abschnitte des l\u00e4ngsten Flusses Frankreichs und seine bemerkenswerte Umgebung, die von der UNESCO als Weltkulturerbe f\u00fcr ihre lebendige und kulturelle [&hellip;]<\/p>\n","protected":false},"author":1,"featured_media":0,"parent":0,"menu_order":3,"comment_status":"closed","ping_status":"closed","template":"","meta":{"footnotes":""},"class_list":["post-1096","page","type-page","status-publish","hentry"],"_links":{"self":[{"href":"https:\/\/chateaudechanze.com\/de\/wp-json\/wp\/v2\/pages\/1096","targetHints":{"allow":["GET"]}}],"collection":[{"href":"https:\/\/chateaudechanze.com\/de\/wp-json\/wp\/v2\/pages"}],"about":[{"href":"https:\/\/chateaudechanze.com\/de\/wp-json\/wp\/v2\/types\/page"}],"author":[{"embeddable":true,"href":"https:\/\/chateaudechanze.com\/de\/wp-json\/wp\/v2\/users\/1"}],"replies":[{"embeddable":true,"href":"https:\/\/chateaudechanze.com\/de\/wp-json\/wp\/v2\/comments?post=1096"}],"version-history":[{"count":2,"href":"https:\/\/chateaudechanze.com\/de\/wp-json\/wp\/v2\/pages\/1096\/revisions"}],"predecessor-version":[{"id":1556,"href":"https:\/\/chateaudechanze.com\/de\/wp-json\/wp\/v2\/pages\/1096\/revisions\/1556"}],"wp:attachment":[{"href":"https:\/\/chateaudechanze.com\/de\/wp-json\/wp\/v2\/media?parent=1096"}],"curies":[{"name":"wp","href":"https:\/\/api.w.org\/{rel}","templated":true}]}}