{"id":92,"date":"2024-05-27T18:19:33","date_gmt":"2024-05-27T16:19:33","guid":{"rendered":"https:\/\/cdc.interactivesites.de\/holiday-castle\/"},"modified":"2025-09-22T10:22:06","modified_gmt":"2025-09-22T08:22:06","slug":"holiday-castle","status":"publish","type":"page","link":"https:\/\/chateaudechanze.com\/de\/","title":{"rendered":"Ch\u00e2teau de Chanz\u00e9"},"content":{"rendered":"\n<div style=\"height:26px\" aria-hidden=\"true\" class=\"wp-block-spacer\"><\/div>\n\n\n\n<figure class=\"wp-block-image aligncenter size-full is-resized\"><img loading=\"lazy\" decoding=\"async\" width=\"567\" height=\"567\" src=\"https:\/\/chateaudechanze.com\/wp-content\/uploads\/2024\/10\/logo-cdc.png\" alt=\"\" class=\"wp-image-447\" style=\"width:257px;height:auto\" srcset=\"https:\/\/chateaudechanze.com\/wp-content\/uploads\/2024\/10\/logo-cdc.png 567w, https:\/\/chateaudechanze.com\/wp-content\/uploads\/2024\/10\/logo-cdc-300x300.png 300w, https:\/\/chateaudechanze.com\/wp-content\/uploads\/2024\/10\/logo-cdc-150x150.png 150w, https:\/\/chateaudechanze.com\/wp-content\/uploads\/2024\/10\/logo-cdc-50x50.png 50w\" sizes=\"auto, (max-width: 567px) 100vw, 567px\" \/><\/figure>\n\n\n\n<div style=\"height:26px\" aria-hidden=\"true\" class=\"wp-block-spacer\"><\/div>\n\n\n\n<h1 class=\"wp-block-heading has-text-align-center\" id=\"cc-m-header-15265185224\">Schlossherr sein in einem privaten Ch\u00e2teau<\/h1>\n\n\n\n<div style=\"height:94px\" aria-hidden=\"true\" class=\"wp-block-spacer\"><\/div>\n\n\n<div id=\"gutenslider-9dfe2sncl\" class=\"wp-block-eedee-block-gutenslider gs-frontend content-change alignfull arrow-style-1 arrow-position-sides arrow-mb-none arrows-lg-none arrows-md-none arrows-sm-none dot-style-1 dots-lg dots-md dots-sm dot-position-bottom is-position-center-center mb-none wrap-auto-height\" data-parallax-direction=\"down\" data-parallax-amount=\"1.3\" data-lg-transition=\"lg-slide\" data-hash=\"\" ><div class=\"eedee-swiper-outer\" style=\"--gutenslider-min-height: 100vh;--gutenslider-arrow-size: 30px;--gutenslider-dot-size: 25px;--gutenslider-arrow-color: #ffffff;--gutenslider-dot-color: #ffffff;--gutenslider-padding-y-mobile: 40px;--gutenslider-padding-x-mobile: 40px;--gutenslider-padding-y-tablet: 40px;--gutenslider-padding-x-tablet: 40px;--gutenslider-padding-y-desktop: 40px;--gutenslider-padding-x-desktop: 40px;--gutenslider-bg-image: url();--gutenslider-min-height-md: 50vh;--gutenslider-min-height-sm: 50vh;--gutenslider-padding-x: 40px;--gutenslider-padding-x-md: 40px;--gutenslider-padding-x-sm: 20px;--gutenslider-padding-y: 40px;--gutenslider-padding-y-md: 40px;--gutenslider-padding-y-sm: 20px;--gutenslider-arrow-size-md: 30px;--gutenslider-arrow-size-sm: 30px;--gutenslider-dot-size-md: 25px;--gutenslider-dot-size-sm: 25px;--gutenslider-arrow-bg-color: transparent;--gutenslider-arrow-hover-color: #eeeeee;--gutenslider-arrow-bg-hover-color: transparent;--gutenslider-arrow-x-offset: 10px;--gutenslider-arrow-x-offset-md: 10px;--gutenslider-arrow-x-offset-sm: 10px;--gutenslider-arrow-y-offset: 0px;--gutenslider-arrow-y-offset-md: 0px;--gutenslider-arrow-y-offset-sm: 0px;--gutenslider-arrow-x-spacing: 0px;--gutenslider-dot-y-offset: 10px;--gutenslider-dot-y-offset-md: 10px;--gutenslider-dot-y-offset-sm: 10px;--gutenslider-margin-x: 0px;--gutenslider-margin-x-md: 0px;--gutenslider-margin-x-sm: 0px;--gutenslider-margin-y: 0px;--gutenslider-margin-y-md: 0px;--gutenslider-margin-y-sm: 0px;--gutenslider-divider-top: 60px;--gutenslider-divider-bottom: 60px;--gutenslider-lightgallery-bg: #ffffff;--gutenslider-lightgallery-font: #000000;--gs-first-pos: 50% 50%;--gs-gap-vertical: var( --wp--style--gallery-gap-default, var( --gallery-block--gutter-size, var( --wp--style--block-gap, 0.5em ) ) );--gs-gap-horizontal: var( --wp--style--gallery-gap-default, var( --gallery-block--gutter-size, var( --wp--style--block-gap, 0.5em ) ) );\"><div class=\"gutenslider-divider-top\" style=\"color:#fff;\"><\/div><div class=\"swiper\" data-settings='{\"autoplay\":{\"delay\":3000,\"pauseOnMouseEnter\":true,\"disableOnInteraction\":false},\"speed\":700,\"direction\":\"horizontal\",\"autoHeight\":\"\",\"loop\":true,\"centeredSlides\":true,\"spaceBetween\":0,\"slidesPerView\":1,\"slidesPerGroup\":1,\"effect\":\"fade\",\"coverflowEffect\":{\"rotate\":30,\"slideShadows\":false,\"depth\":100,\"stretch\":50,\"modifier\":1},\"fadeEffect\":{\"crossFade\":true},\"zoom\":\"\",\"navigation\":{\"nextEl\":\"#gutenslider-9dfe2sncl .eedee-gutenslider-next\",\"prevEl\":\"#gutenslider-9dfe2sncl .eedee-gutenslider-prev\"},\"pagination\":{\"type\":\"bullets\",\"clickable\":true,\"dynamicBullets\":false,\"el\":\"#gutenslider-9dfe2sncl .eedee-gutenslider-pagination\"},\"pauseOnHover\":\"1\",\"watchSlidesProgress\":true,\"watchSlidesVisibility\":true,\"settingsMd\":{\"autoHeight\":\"\",\"slidesPerView\":1,\"slidesPerGroup\":1,\"spaceBetween\":0,\"loop\":true},\"settingsLg\":{\"autoHeight\":\"\",\"slidesPerView\":1,\"slidesPerGroup\":1,\"spaceBetween\":0,\"loop\":true},\"hasLg\":false,\"hasLgCounter\":true,\"isFullScreen\":false,\"arrowsFollowMouse\":false,\"lgTitle\":\"none\",\"lgCaption\":\"none\",\"lgThumbnails\":true,\"lgZoomEnabled\":false,\"keyboard\":{\"keyboard\":{\"enabled\":true,\"onlyInViewport\":true}},\"hashNavigation\":false,\"dividers\":false}'><div class=\"swiper-wrapper\">\n<div class=\"swiper-slide wp-block-eedee-block-gutenslide is-position-center-center ed-bg-image\" style=\"--ed-vw:300;--ed-vh:214;\" data-hash=\"\"><div class=\"eedee-background-div bg-image\"><img loading=\"lazy\" width=\"1024\" height=\"731\" class=\"wp-image-93\" src=\"https:\/\/chateaudechanze.com\/wp-content\/uploads\/2024\/05\/445368748_8052143298130550_5739366578421234707_n-1-1024x731.jpg\" alt=\"\" decoding=\"async\" style=\"object-fit: cover; object-position: 50% 50%;\"  data-title=\"445368748_8052143298130550_5739366578421234707_n-1\" srcset=\"https:\/\/chateaudechanze.com\/wp-content\/uploads\/2024\/05\/445368748_8052143298130550_5739366578421234707_n-1-1024x731.jpg 1024w, https:\/\/chateaudechanze.com\/wp-content\/uploads\/2024\/05\/445368748_8052143298130550_5739366578421234707_n-1-300x214.jpg 300w, https:\/\/chateaudechanze.com\/wp-content\/uploads\/2024\/05\/445368748_8052143298130550_5739366578421234707_n-1-768x548.jpg 768w, https:\/\/chateaudechanze.com\/wp-content\/uploads\/2024\/05\/445368748_8052143298130550_5739366578421234707_n-1-1536x1097.jpg 1536w, https:\/\/chateaudechanze.com\/wp-content\/uploads\/2024\/05\/445368748_8052143298130550_5739366578421234707_n-1.jpg 2048w\" sizes=\"auto, (max-width: 1024px) 100vw, 1024px\" \/><div class=\"eedee-background-div__overlay\" style=\"opacity:1;\"><\/div><\/div><div class=\"slide-content\">\n\n<p class=\"has-text-align-center gutenslider-content-initial has-larger-font-size\"><\/p>\n\n<\/div><\/div>\n\n<div class=\"swiper-slide wp-block-eedee-block-gutenslide is-position-center-center ed-bg-image\" style=\"--ed-vw:300;--ed-vh:225;\" data-hash=\"\"><div class=\"eedee-background-div bg-image\"><img loading=\"lazy\" width=\"1024\" height=\"768\" class=\"wp-image-291\" src=\"https:\/\/chateaudechanze.com\/wp-content\/uploads\/2024\/05\/cdc3_compressed-1024x768.webp\" alt=\"\" decoding=\"async\" style=\"object-fit: cover; object-position: 50% 50%;\"  data-title=\"cdc3_compressed\" srcset=\"https:\/\/chateaudechanze.com\/wp-content\/uploads\/2024\/05\/cdc3_compressed-1024x768.webp 1024w, https:\/\/chateaudechanze.com\/wp-content\/uploads\/2024\/05\/cdc3_compressed-300x225.webp 300w, https:\/\/chateaudechanze.com\/wp-content\/uploads\/2024\/05\/cdc3_compressed-768x576.webp 768w, https:\/\/chateaudechanze.com\/wp-content\/uploads\/2024\/05\/cdc3_compressed-1536x1152.webp 1536w, https:\/\/chateaudechanze.com\/wp-content\/uploads\/2024\/05\/cdc3_compressed.webp 2000w\" sizes=\"auto, (max-width: 1024px) 100vw, 1024px\" \/><div class=\"eedee-background-div__overlay\" style=\"opacity:1;\"><\/div><\/div><div class=\"slide-content\">\n\n<p class=\"has-text-align-center gutenslider-content-initial has-larger-font-size\"><\/p>\n\n<\/div><\/div>\n\n<div class=\"swiper-slide wp-block-eedee-block-gutenslide is-position-center-center ed-bg-image\" style=\"--ed-vw:300;--ed-vh:209;\" data-hash=\"\"><div class=\"eedee-background-div bg-image\"><img loading=\"lazy\" width=\"1024\" height=\"713\" class=\"wp-image-303\" src=\"https:\/\/chateaudechanze.com\/wp-content\/uploads\/2024\/05\/cdc5_compressed-2-1024x713.webp\" alt=\"\" decoding=\"async\" style=\"object-fit: cover; object-position: 50% 50%;\"  data-title=\"cdc5_compressed-2\" srcset=\"https:\/\/chateaudechanze.com\/wp-content\/uploads\/2024\/05\/cdc5_compressed-2-1024x713.webp 1024w, https:\/\/chateaudechanze.com\/wp-content\/uploads\/2024\/05\/cdc5_compressed-2-300x209.webp 300w, https:\/\/chateaudechanze.com\/wp-content\/uploads\/2024\/05\/cdc5_compressed-2-768x534.webp 768w, https:\/\/chateaudechanze.com\/wp-content\/uploads\/2024\/05\/cdc5_compressed-2-1536x1069.webp 1536w, https:\/\/chateaudechanze.com\/wp-content\/uploads\/2024\/05\/cdc5_compressed-2.webp 2048w\" sizes=\"auto, (max-width: 1024px) 100vw, 1024px\" \/><div class=\"eedee-background-div__overlay\" style=\"opacity:1;\"><\/div><\/div><div class=\"slide-content\">\n\n<p class=\"has-text-align-center gutenslider-content-initial has-larger-font-size\"><\/p>\n\n<\/div><\/div>\n<\/div><\/div><button class=\"eedee-gutenslider-nav eedee-gutenslider-prev\"><svg xmlns=\"http:\/\/www.w3.org\/2000\/svg\" viewBox=\"0 0 24 24\" width=\"24\" height=\"24\"><circle class=\"bg\" cx=\"13\" cy=\"12\" r=\"11\" \/><path fill=\"none\" d=\"M0 0h24v24H0z\"\/><path class=\"arrow\" d=\"M10.828 12l4.95 4.95-1.414 1.414L8 12l6.364-6.364 1.414 1.414z\"\/><\/svg><\/button><button class=\"eedee-gutenslider-nav eedee-gutenslider-next\"><svg xmlns=\"http:\/\/www.w3.org\/2000\/svg\" viewBox=\"0 0 24 24\" width=\"24\" height=\"24\"><circle class=\"bg\" cx=\"11\" cy=\"12\" r=\"11\" \/><path fill=\"none\" d=\"M0 0h24v24H0z\"\/><path class=\"arrow\" d=\"M13.172 12l-4.95-4.95 1.414-1.414L16 12l-6.364 6.364-1.414-1.414z\"\/><\/svg><\/button><div class=\"eedee-gutenslider-pagination\"><\/div><div class=\"gutenslider-divider-bottom \" style=\"color:#fff;\"><\/div><\/div><\/div>\n\n\n<div class=\"wp-block-group alignfull has-base-background-color has-background has-global-padding is-layout-constrained wp-container-core-group-is-layout-d89aad35 wp-block-group-is-layout-constrained\" style=\"margin-top:0;margin-bottom:0;padding-top:var(--wp--preset--spacing--50);padding-right:var(--wp--preset--spacing--50);padding-bottom:var(--wp--preset--spacing--50);padding-left:var(--wp--preset--spacing--50)\">\n<div class=\"wp-block-columns alignwide is-layout-flex wp-container-core-columns-is-layout-549b0c86 wp-block-columns-is-layout-flex\">\n<div class=\"wp-block-column has-global-padding is-content-justification-left is-layout-constrained wp-container-core-column-is-layout-4f15e8fe wp-block-column-is-layout-constrained\" style=\"flex-basis:40%\">\n<p>Die wiederbelebte Kunstgalerie wird die Kulturlandschaft neu definieren.<\/p>\n<\/div>\n\n\n\n<div class=\"wp-block-column is-layout-flow wp-container-core-column-is-layout-119bc444 wp-block-column-is-layout-flow\" style=\"flex-basis:60%\">\n<p class=\"has-heading-font-family has-x-large-font-size\" style=\"line-height:1.2\">Ein Ort, der unvergessliche Erinnerungen schafft.<\/p>\n\n\n\n<div class=\"wp-block-columns is-layout-flex wp-container-core-columns-is-layout-87beb0d0 wp-block-columns-is-layout-flex\">\n<div class=\"wp-block-column is-layout-flow wp-block-column-is-layout-flow\">\n<p>Der beeindruckende Charakter des Ch\u00e2teau ist in den dicken Steinmauern, den hohen Decken und den atemberaubenden antiken M\u00f6beln erhalten geblieben und bietet gleichzeitig modernen Komfort und Nostalgie f\u00fcr die Geschichte.<\/p>\n<\/div>\n\n\n\n<div class=\"wp-block-column is-layout-flow wp-block-column-is-layout-flow\">\n<p>Das Ch\u00e2teau de Chanz\u00e9 ist der ideale Ort f\u00fcr Treffen mit Familie und Freunden, Feiern und intime Hochzeiten in der franz\u00f6sischen Landschaft.<\/p>\n<\/div>\n<\/div>\n<\/div>\n<\/div>\n<\/div>\n\n\n\n<figure class=\"wp-block-gallery alignfull has-nested-images columns-2 is-cropped wp-block-gallery-1 is-layout-flex wp-block-gallery-is-layout-flex\">\n<figure class=\"wp-block-image size-large\"><img loading=\"lazy\" decoding=\"async\" width=\"1024\" height=\"685\" data-id=\"72\" src=\"https:\/\/chateaudechanze.com\/wp-content\/uploads\/2024\/05\/chateau1-1024x685.jpeg\" alt=\"\" class=\"wp-image-72\" srcset=\"https:\/\/chateaudechanze.com\/wp-content\/uploads\/2024\/05\/chateau1-1024x685.jpeg 1024w, https:\/\/chateaudechanze.com\/wp-content\/uploads\/2024\/05\/chateau1-300x201.jpeg 300w, https:\/\/chateaudechanze.com\/wp-content\/uploads\/2024\/05\/chateau1-768x514.jpeg 768w, https:\/\/chateaudechanze.com\/wp-content\/uploads\/2024\/05\/chateau1-1536x1027.jpeg 1536w, https:\/\/chateaudechanze.com\/wp-content\/uploads\/2024\/05\/chateau1.jpeg 1588w\" sizes=\"auto, (max-width: 1024px) 100vw, 1024px\" \/><\/figure>\n\n\n\n<figure class=\"wp-block-image size-large\"><img loading=\"lazy\" decoding=\"async\" width=\"869\" height=\"562\" data-id=\"49\" src=\"https:\/\/chateaudechanze.com\/wp-content\/uploads\/2024\/05\/image.jpg\" alt=\"\" class=\"wp-image-49\" srcset=\"https:\/\/chateaudechanze.com\/wp-content\/uploads\/2024\/05\/image.jpg 869w, https:\/\/chateaudechanze.com\/wp-content\/uploads\/2024\/05\/image-300x194.jpg 300w, https:\/\/chateaudechanze.com\/wp-content\/uploads\/2024\/05\/image-768x497.jpg 768w\" sizes=\"auto, (max-width: 869px) 100vw, 869px\" \/><\/figure>\n<\/figure>\n\n\n\n<div class=\"wp-block-group alignfull has-base-2-background-color has-background has-global-padding is-layout-constrained wp-container-core-group-is-layout-7cd14b77 wp-block-group-is-layout-constrained\" style=\"margin-top:0;margin-bottom:0;padding-top:var(--wp--preset--spacing--60);padding-right:var(--wp--preset--spacing--60);padding-bottom:var(--wp--preset--spacing--60);padding-left:var(--wp--preset--spacing--60)\">\n<div class=\"wp-block-group alignwide is-layout-flow wp-block-group-is-layout-flow\">\n<div style=\"height:var(--wp--preset--spacing--50)\" aria-hidden=\"true\" class=\"wp-block-spacer\"><\/div>\n\n\n\n<p class=\"has-text-align-center has-heading-font-family has-x-large-font-size\" style=\"font-style:normal;font-weight:400;line-height:1.2\"><em>Das idyllische Ch\u00e2teau de Chanz\u00e9 ist eine authentische mittelalterliche Burg aus dem 11. Jahrhundert in Familienbesitz, die an den Fluss Layon im Nordwesten Frankreichs grenzt. <\/em><\/p>\n\n\n\n<div style=\"height:var(--wp--preset--spacing--50)\" aria-hidden=\"true\" class=\"wp-block-spacer\"><\/div>\n\n\n\n<div class=\"wp-block-columns is-layout-flex wp-container-core-columns-is-layout-28f84493 wp-block-columns-is-layout-flex\">\n<div class=\"wp-block-column is-layout-flow wp-block-column-is-layout-flow\">\n<p>Das l\u00e4ndliche Ch\u00e2teau verf\u00fcgt \u00fcber ein weitl\u00e4ufiges Gel\u00e4nde und einen gro\u00dfen, zentralen Swimmingpool und bietet bequem Platz f\u00fcr 10-15 G\u00e4ste. Weitere 25 G\u00e4ste k\u00f6nnen gegen einen Aufpreis in den Apartments und Studiozimmern auf demselben Privatgrundst\u00fcck untergebracht werden.<\/p>\n\n\n\n<p>Veranstaltungen f\u00fcr bis zu 60 Personen k\u00f6nnen im Gro\u00dfen Saal oder im Innenhof des Schlosses abgehalten werden.<\/p>\n\n\n\n<p>Die Immobilie geh\u00f6rt w\u00e4hrend der Mietdauer ausschlie\u00dflich Ihnen.<\/p>\n\n\n\n<p><\/p>\n<\/div>\n\n\n\n<div class=\"wp-block-column is-layout-flow wp-block-column-is-layout-flow\">\n<p>Ch\u00e2teau de Chanz\u00e9 ist ein Schloss f\u00fcr Selbstversorger. Es besteht die M\u00f6glichkeit, sich verpflegen zu lassen oder sich in den voll ausgestatteten K\u00fcchen des Schlosses und der Appartements selbst zu verpflegen, einschlie\u00dflich 2 Grills. Entspannen Sie sich am Pool, speisen Sie im Freien im Innenhof des Ch\u00e2teau bei Sonnenuntergang, w\u00e4hrend Sie die lokalen Weine genie\u00dfen, oder erkunden Sie die vielen Schl\u00f6sser, die Geschichte und den Reichtum des Loire-Tals.<\/p>\n\n\n\n<p>Ch\u00e2teau de Chanz\u00e9 liegt nur 30 Minuten von der Stadt und dem Bahnhof von Angers entfernt und ist mit dem Zug in 1,5 Stunden von Paris, in 1,5 Stunden von Nantes und in 3 Stunden von den bretonischen F\u00e4hrh\u00e4fen zu erreichen. Direkt gegen\u00fcber dem Schloss f\u00fchrt ein Wander- und Radweg in das \u00f6rtliche Dorf und dar\u00fcber hinaus.<\/p>\n<\/div>\n<\/div>\n\n\n\n<p><em>Das Ch\u00e2teau ist f\u00fcr mindestens drei N\u00e4chte verf\u00fcgbar (au\u00dfer im Juli und August*) und wird als Ganzes vermietet<\/em><\/p>\n\n\n\n<p><em>* 7 N\u00e4chte Mindestaufenthalt f\u00fcr Juli und August<\/em><\/p>\n<\/div>\n<\/div>\n\n\n\n<div class=\"wp-block-group alignfull has-global-padding is-layout-constrained wp-container-core-group-is-layout-d89aad35 wp-block-group-is-layout-constrained\" style=\"margin-top:0;margin-bottom:0;padding-top:var(--wp--preset--spacing--50);padding-right:var(--wp--preset--spacing--50);padding-bottom:var(--wp--preset--spacing--50);padding-left:var(--wp--preset--spacing--50)\">\n<div class=\"wp-block-group alignwide has-base-2-background-color has-background has-global-padding is-layout-constrained wp-container-core-group-is-layout-39412042 wp-block-group-is-layout-constrained\" style=\"border-radius:16px;padding-top:var(--wp--preset--spacing--40);padding-right:var(--wp--preset--spacing--50);padding-bottom:var(--wp--preset--spacing--40);padding-left:var(--wp--preset--spacing--50)\">\n<div style=\"height:var(--wp--preset--spacing--10)\" aria-hidden=\"true\" class=\"wp-block-spacer\"><\/div>\n\n\n\n<h2 class=\"wp-block-heading has-text-align-center has-x-large-font-size\">Kontaktieren Sie uns.<\/h2>\n\n\n\n<p class=\"has-text-align-center has-large-font-size\">Tel: <a href=\"tel:\">+33 (0)6 38 22 53 32<\/a><\/p>\n\n\n\n<div class=\"wp-block-buttons is-content-justification-center is-layout-flex wp-container-core-buttons-is-layout-a89b3969 wp-block-buttons-is-layout-flex\">\n<div class=\"wp-block-button has-custom-width wp-block-button__width-50\"><a class=\"wp-block-button__link wp-element-button\" href=\"info@chateaudechanze.com\">E-Mail<\/a><\/div>\n<\/div>\n\n\n\n<div style=\"height:var(--wp--preset--spacing--10)\" aria-hidden=\"true\" class=\"wp-block-spacer\"><\/div>\n<\/div>\n<\/div>\n\n\n\n<p><\/p>\n","protected":false},"excerpt":{"rendered":"<p>Schlossherr sein in einem privaten Ch\u00e2teau Die wiederbelebte Kunstgalerie wird die Kulturlandschaft neu definieren. Ein Ort, der unvergessliche Erinnerungen schafft. Der beeindruckende Charakter des Ch\u00e2teau ist in den dicken Steinmauern, den hohen Decken und den atemberaubenden antiken M\u00f6beln erhalten geblieben und bietet gleichzeitig modernen Komfort und Nostalgie f\u00fcr die Geschichte. Das Ch\u00e2teau de Chanz\u00e9 ist [&hellip;]<\/p>\n","protected":false},"author":1,"featured_media":0,"parent":0,"menu_order":0,"comment_status":"closed","ping_status":"closed","template":"page-no-title","meta":{"footnotes":""},"class_list":["post-92","page","type-page","status-publish","hentry"],"_links":{"self":[{"href":"https:\/\/chateaudechanze.com\/de\/wp-json\/wp\/v2\/pages\/92","targetHints":{"allow":["GET"]}}],"collection":[{"href":"https:\/\/chateaudechanze.com\/de\/wp-json\/wp\/v2\/pages"}],"about":[{"href":"https:\/\/chateaudechanze.com\/de\/wp-json\/wp\/v2\/types\/page"}],"author":[{"embeddable":true,"href":"https:\/\/chateaudechanze.com\/de\/wp-json\/wp\/v2\/users\/1"}],"replies":[{"embeddable":true,"href":"https:\/\/chateaudechanze.com\/de\/wp-json\/wp\/v2\/comments?post=92"}],"version-history":[{"count":10,"href":"https:\/\/chateaudechanze.com\/de\/wp-json\/wp\/v2\/pages\/92\/revisions"}],"predecessor-version":[{"id":1583,"href":"https:\/\/chateaudechanze.com\/de\/wp-json\/wp\/v2\/pages\/92\/revisions\/1583"}],"wp:attachment":[{"href":"https:\/\/chateaudechanze.com\/de\/wp-json\/wp\/v2\/media?parent=92"}],"curies":[{"name":"wp","href":"https:\/\/api.w.org\/{rel}","templated":true}]}}