{"id":868,"date":"2024-05-28T11:09:35","date_gmt":"2024-05-28T09:09:35","guid":{"rendered":"https:\/\/cdc.interactivesites.de\/a-votre-guise\/"},"modified":"2025-09-22T09:03:48","modified_gmt":"2025-09-22T07:03:48","slug":"a-votre-guise","status":"publish","type":"page","link":"https:\/\/chateaudechanze.com\/fr\/a-votre-guise\/","title":{"rendered":"\u00c0 votre guise"},"content":{"rendered":"\n<div class=\"wp-block-group alignfull has-global-padding is-layout-constrained wp-container-core-group-is-layout-669513ed wp-block-group-is-layout-constrained\" style=\"margin-top:0;margin-bottom:0;padding-top:var(--wp--preset--spacing--50);padding-right:var(--wp--preset--spacing--50);padding-bottom:var(--wp--preset--spacing--50);padding-left:var(--wp--preset--spacing--50)\">\n<div class=\"wp-block-group alignwide is-vertical is-content-justification-center is-layout-flex wp-container-core-group-is-layout-ce155fab wp-block-group-is-layout-flex\">\n<h2 class=\"wp-block-heading has-text-align-center has-large-font-size\"><em>Le Ch\u00e2teau de Chanz\u00e9 offre une vari\u00e9t\u00e9 d&rsquo;\u00e9quipements \u00e0 ses h\u00f4tes. La propri\u00e9t\u00e9 comprend de vastes jardins avec une vari\u00e9t\u00e9 de plantes, une grande piscine d&rsquo;eau sal\u00e9e chauff\u00e9e et un parc ombrag\u00e9 avec des \u00e9quipements de loisirs tels que la p\u00e9tanque et le badminton. Vous pourrez profiter du cadre paisible de la rivi\u00e8re Layon, qui offre des conditions id\u00e9ales pour l&rsquo;observation de la nature. Le ch\u00e2teau allie l&rsquo;\u00e9l\u00e9gance historique aux \u00e9quipements modernes pour cr\u00e9er des souvenirs inoubliables.   <\/em><\/h2>\n<\/div>\n\n\n\n<div style=\"height:var(--wp--preset--spacing--30)\" aria-hidden=\"true\" class=\"wp-block-spacer\"><\/div>\n\n\n\n<div class=\"wp-block-columns alignwide is-layout-flex wp-container-core-columns-is-layout-4935966c wp-block-columns-is-layout-flex\" style=\"padding-right:0;padding-left:0\">\n<div class=\"wp-block-column is-layout-flow wp-block-column-is-layout-flow\">\n<figure class=\"wp-block-image size-full is-style-rounded is-style-rounded--1\"><img loading=\"lazy\" decoding=\"async\" width=\"1000\" height=\"561\" src=\"https:\/\/chateaudechanze.com\/wp-content\/uploads\/2024\/05\/courtyard-with-tables-chairs-and-fire-bowl.jpg\" alt=\"\" class=\"wp-image-217\" style=\"aspect-ratio:1;object-fit:cover\" srcset=\"https:\/\/chateaudechanze.com\/wp-content\/uploads\/2024\/05\/courtyard-with-tables-chairs-and-fire-bowl.jpg 1000w, https:\/\/chateaudechanze.com\/wp-content\/uploads\/2024\/05\/courtyard-with-tables-chairs-and-fire-bowl-300x168.jpg 300w, https:\/\/chateaudechanze.com\/wp-content\/uploads\/2024\/05\/courtyard-with-tables-chairs-and-fire-bowl-768x431.jpg 768w\" sizes=\"auto, (max-width: 1000px) 100vw, 1000px\" \/><\/figure>\n\n\n\n<div class=\"wp-block-group is-vertical is-content-justification-left is-nowrap is-layout-flex wp-container-core-group-is-layout-bd36ab4e wp-block-group-is-layout-flex\">\n<h3 class=\"wp-block-heading has-large-font-size\">Terrains du ch\u00e2teau<\/h3>\n\n\n\n<p>Le ch\u00e2teau s&rsquo;articule autour d&rsquo;une cour spacieuse qui s&rsquo;ouvre sur le parc et la rivi\u00e8re Layon.<\/p>\n\n\n\n<p>De mai \u00e0 juillet, le jardin regorge d&rsquo;une v\u00e9ritable s\u00e9lection de roses, d&rsquo;arbustes et de fleurs sur 5000 m2 (1\/2 hectare) de jardins bien \u00e9tablis.<\/p>\n\n\n\n<p>Les grands arbres du parc offrent une ombre abondante en \u00e9t\u00e9.<\/p>\n\n\n\n<p>Mobilier d&rsquo;ext\u00e9rieur.<\/p>\n\n\n\n<p>Boule de feu avec une premi\u00e8re pile de bois gratuite. <\/p>\n\n\n\n<p>Des jeux de p\u00e9tanque et de badminton sont disponibles. <\/p>\n\n\n\n<p>Des marches m\u00e8nent \u00e0 la rivi\u00e8re qui offre une vue tranquille et la possibilit\u00e9 d&rsquo;observer la faune dans son environnement naturel.<\/p>\n<\/div>\n<\/div>\n\n\n\n<div class=\"wp-block-column is-layout-flow wp-block-column-is-layout-flow\">\n<figure class=\"wp-block-image size-full is-style-rounded is-style-rounded--2\"><img loading=\"lazy\" decoding=\"async\" width=\"994\" height=\"555\" src=\"https:\/\/chateaudechanze.com\/wp-content\/uploads\/2024\/05\/chateau-de-chanze-pool-sun-umbrella-and-loungers-on-a-late-spring-day.jpg\" alt=\"\" class=\"wp-image-214\" style=\"aspect-ratio:1;object-fit:cover\" srcset=\"https:\/\/chateaudechanze.com\/wp-content\/uploads\/2024\/05\/chateau-de-chanze-pool-sun-umbrella-and-loungers-on-a-late-spring-day.jpg 994w, https:\/\/chateaudechanze.com\/wp-content\/uploads\/2024\/05\/chateau-de-chanze-pool-sun-umbrella-and-loungers-on-a-late-spring-day-300x168.jpg 300w, https:\/\/chateaudechanze.com\/wp-content\/uploads\/2024\/05\/chateau-de-chanze-pool-sun-umbrella-and-loungers-on-a-late-spring-day-768x429.jpg 768w\" sizes=\"auto, (max-width: 994px) 100vw, 994px\" \/><\/figure>\n\n\n\n<div class=\"wp-block-group is-vertical is-content-justification-left is-nowrap is-layout-flex wp-container-core-group-is-layout-9cae9dfe wp-block-group-is-layout-flex\">\n<h3 class=\"wp-block-heading\">Piscine<\/h3>\n\n\n\n<p>Au Ch\u00e2teau de Chanz\u00e9, les h\u00f4tes peuvent profiter d&rsquo;une piscine d&rsquo;eau sal\u00e9e de 14x6m. La piscine est ouverte tous les jours de 9h00 \u00e0 21h00 et est disponible de la mi-mai \u00e0 la mi-septembre. Elle offre une combinaison parfaite de d\u00e9tente et de luxe dans le cadre du charme historique du ch\u00e2teau.  <\/p>\n<\/div>\n\n\n\n<figure class=\"wp-block-gallery has-nested-images columns-default is-cropped wp-block-gallery-5 is-layout-flex wp-block-gallery-is-layout-flex\">\n<figure class=\"wp-block-image size-large is-style-rounded wp-duotone-unset-4 is-style-rounded--3\"><img loading=\"lazy\" decoding=\"async\" width=\"1024\" height=\"461\" data-id=\"1285\" src=\"https:\/\/chateaudechanze.com\/wp-content\/uploads\/2025\/03\/20220911_200840-1024x461.jpg\" alt=\"\" class=\"wp-image-1285\" srcset=\"https:\/\/chateaudechanze.com\/wp-content\/uploads\/2025\/03\/20220911_200840-1024x461.jpg 1024w, https:\/\/chateaudechanze.com\/wp-content\/uploads\/2025\/03\/20220911_200840-300x135.jpg 300w, https:\/\/chateaudechanze.com\/wp-content\/uploads\/2025\/03\/20220911_200840-768x346.jpg 768w, https:\/\/chateaudechanze.com\/wp-content\/uploads\/2025\/03\/20220911_200840-50x23.jpg 50w, https:\/\/chateaudechanze.com\/wp-content\/uploads\/2025\/03\/20220911_200840-1600x721.jpg 1600w, https:\/\/chateaudechanze.com\/wp-content\/uploads\/2025\/03\/20220911_200840-1536x692.jpg 1536w, https:\/\/chateaudechanze.com\/wp-content\/uploads\/2025\/03\/20220911_200840-2048x922.jpg 2048w\" sizes=\"auto, (max-width: 1024px) 100vw, 1024px\" \/><\/figure>\n<\/figure>\n<\/div>\n\n\n\n<div class=\"wp-block-column is-layout-flow wp-block-column-is-layout-flow\">\n<figure class=\"wp-block-image size-full is-style-rounded is-style-rounded--6\"><img loading=\"lazy\" decoding=\"async\" width=\"1148\" height=\"2040\" src=\"https:\/\/chateaudechanze.com\/wp-content\/uploads\/2025\/08\/WhatsApp-Image-2025-08-22-at-14.06.55_d05a782d.jpg\" alt=\"\" class=\"wp-image-1304\" style=\"aspect-ratio:1;object-fit:cover\" srcset=\"https:\/\/chateaudechanze.com\/wp-content\/uploads\/2025\/08\/WhatsApp-Image-2025-08-22-at-14.06.55_d05a782d.jpg 1148w, https:\/\/chateaudechanze.com\/wp-content\/uploads\/2025\/08\/WhatsApp-Image-2025-08-22-at-14.06.55_d05a782d-169x300.jpg 169w, https:\/\/chateaudechanze.com\/wp-content\/uploads\/2025\/08\/WhatsApp-Image-2025-08-22-at-14.06.55_d05a782d-576x1024.jpg 576w, https:\/\/chateaudechanze.com\/wp-content\/uploads\/2025\/08\/WhatsApp-Image-2025-08-22-at-14.06.55_d05a782d-768x1365.jpg 768w, https:\/\/chateaudechanze.com\/wp-content\/uploads\/2025\/08\/WhatsApp-Image-2025-08-22-at-14.06.55_d05a782d-50x89.jpg 50w, https:\/\/chateaudechanze.com\/wp-content\/uploads\/2025\/08\/WhatsApp-Image-2025-08-22-at-14.06.55_d05a782d-864x1536.jpg 864w\" sizes=\"auto, (max-width: 1148px) 100vw, 1148px\" \/><\/figure>\n\n\n\n<div class=\"wp-block-group is-vertical is-content-justification-left is-nowrap is-layout-flex wp-container-core-group-is-layout-9cae9dfe wp-block-group-is-layout-flex\">\n<h3 class=\"wp-block-heading has-text-align-center has-large-font-size\">Grotte<\/h3>\n\n\n\n<p>Cette oasis de fra\u00eecheur souterraine est situ\u00e9e pr\u00e8s de la piscine. Rafra\u00eechissant lors des chaudes journ\u00e9es ou nuits d&rsquo;\u00e9t\u00e9, il est ouvert pour des d\u00e9gustations de vins sur mesure pouvant accueillir jusqu&rsquo;\u00e0 12 personnes.<\/p>\n<\/div>\n\n\n\n<figure class=\"wp-block-image size-full is-style-rounded is-style-rounded--7\"><img loading=\"lazy\" decoding=\"async\" width=\"1000\" height=\"563\" src=\"https:\/\/chateaudechanze.com\/wp-content\/uploads\/2024\/05\/chateau-de-chanze-library-antique-chairs.jpg\" alt=\"\" class=\"wp-image-211\" style=\"aspect-ratio:1;object-fit:cover\" srcset=\"https:\/\/chateaudechanze.com\/wp-content\/uploads\/2024\/05\/chateau-de-chanze-library-antique-chairs.jpg 1000w, https:\/\/chateaudechanze.com\/wp-content\/uploads\/2024\/05\/chateau-de-chanze-library-antique-chairs-300x169.jpg 300w, https:\/\/chateaudechanze.com\/wp-content\/uploads\/2024\/05\/chateau-de-chanze-library-antique-chairs-768x432.jpg 768w\" sizes=\"auto, (max-width: 1000px) 100vw, 1000px\" \/><\/figure>\n<\/div>\n<\/div>\n<\/div>\n\n<div class=\"wp-block-group alignfull has-global-padding is-layout-constrained wp-container-core-group-is-layout-d89aad35 wp-block-group-is-layout-constrained\" style=\"margin-top:0;margin-bottom:0;padding-top:var(--wp--preset--spacing--50);padding-right:var(--wp--preset--spacing--50);padding-bottom:var(--wp--preset--spacing--50);padding-left:var(--wp--preset--spacing--50)\">\n<div class=\"wp-block-group alignwide has-base-2-background-color has-background has-global-padding is-layout-constrained wp-container-core-group-is-layout-39412042 wp-block-group-is-layout-constrained\" style=\"border-radius:16px;padding-top:var(--wp--preset--spacing--40);padding-right:var(--wp--preset--spacing--50);padding-bottom:var(--wp--preset--spacing--40);padding-left:var(--wp--preset--spacing--50)\">\n<div style=\"height:var(--wp--preset--spacing--10)\" aria-hidden=\"true\" class=\"wp-block-spacer\"><\/div>\n\n\n\n<h2 class=\"wp-block-heading has-text-align-center has-x-large-font-size\">Contactez nous.<\/h2>\n\n\n\n<p class=\"has-text-align-center has-large-font-size\">Ph: <a href=\"tel:\">+33 (0)6 38 22 53 32<\/a><\/p>\n\n\n\n<div class=\"wp-block-buttons is-content-justification-center is-layout-flex wp-container-core-buttons-is-layout-a89b3969 wp-block-buttons-is-layout-flex\">\n<div class=\"wp-block-button has-custom-width wp-block-button__width-50\"><a class=\"wp-block-button__link wp-element-button\" href=\"mailto:info@chateaudechanze.com\">Courriel<\/a><\/div>\n<\/div>\n\n\n\n<div style=\"height:var(--wp--preset--spacing--10)\" aria-hidden=\"true\" class=\"wp-block-spacer\"><\/div>\n<\/div>\n<\/div>\n","protected":false},"excerpt":{"rendered":"<p>Le Ch\u00e2teau de Chanz\u00e9 offre une vari\u00e9t\u00e9 d&rsquo;\u00e9quipements \u00e0 ses h\u00f4tes. La propri\u00e9t\u00e9 comprend de vastes jardins avec une vari\u00e9t\u00e9 de plantes, une grande piscine d&rsquo;eau sal\u00e9e chauff\u00e9e et un parc ombrag\u00e9 avec des \u00e9quipements de loisirs tels que la p\u00e9tanque et le badminton. Vous pourrez profiter du cadre paisible de la rivi\u00e8re Layon, qui [&hellip;]<\/p>\n","protected":false},"author":1,"featured_media":0,"parent":0,"menu_order":2,"comment_status":"closed","ping_status":"closed","template":"","meta":{"footnotes":""},"class_list":["post-868","page","type-page","status-publish","hentry"],"_links":{"self":[{"href":"https:\/\/chateaudechanze.com\/fr\/wp-json\/wp\/v2\/pages\/868","targetHints":{"allow":["GET"]}}],"collection":[{"href":"https:\/\/chateaudechanze.com\/fr\/wp-json\/wp\/v2\/pages"}],"about":[{"href":"https:\/\/chateaudechanze.com\/fr\/wp-json\/wp\/v2\/types\/page"}],"author":[{"embeddable":true,"href":"https:\/\/chateaudechanze.com\/fr\/wp-json\/wp\/v2\/users\/1"}],"replies":[{"embeddable":true,"href":"https:\/\/chateaudechanze.com\/fr\/wp-json\/wp\/v2\/comments?post=868"}],"version-history":[{"count":2,"href":"https:\/\/chateaudechanze.com\/fr\/wp-json\/wp\/v2\/pages\/868\/revisions"}],"predecessor-version":[{"id":1553,"href":"https:\/\/chateaudechanze.com\/fr\/wp-json\/wp\/v2\/pages\/868\/revisions\/1553"}],"wp:attachment":[{"href":"https:\/\/chateaudechanze.com\/fr\/wp-json\/wp\/v2\/media?parent=868"}],"curies":[{"name":"wp","href":"https:\/\/api.w.org\/{rel}","templated":true}]}}