{"id":870,"date":"2024-05-28T11:09:35","date_gmt":"2024-05-28T09:09:35","guid":{"rendered":"https:\/\/cdc.interactivesites.de\/la-douceur-angevine-la-douceur-de-lanjou\/"},"modified":"2025-09-22T09:04:16","modified_gmt":"2025-09-22T07:04:16","slug":"la-douceur-angevine-la-douceur-de-lanjou","status":"publish","type":"page","link":"https:\/\/chateaudechanze.com\/fr\/la-douceur-angevine-la-douceur-de-lanjou\/","title":{"rendered":"La douceur angevine &#8211; la douceur de l&rsquo;Anjou"},"content":{"rendered":"\n<div class=\"wp-block-cover alignfull is-light has-parallax\" style=\"padding-top:var(--wp--preset--spacing--50);padding-right:var(--wp--preset--spacing--50);padding-bottom:var(--wp--preset--spacing--50);padding-left:var(--wp--preset--spacing--50);min-height:100vh;aspect-ratio:unset;\"><div class=\"wp-block-cover__image-background wp-image-1292 has-parallax\" style=\"background-position:50% 50%;background-image:url(https:\/\/chateaudechanze.com\/wp-content\/uploads\/2025\/03\/20230910_201222-scaled.jpg)\"><\/div><span aria-hidden=\"true\" class=\"wp-block-cover__background has-base-background-color has-background-dim-0 has-background-dim\"><\/span><div class=\"wp-block-cover__inner-container has-global-padding is-layout-constrained wp-container-core-cover-is-layout-e4fd886c wp-block-cover-is-layout-constrained\">\n<div style=\"height:500px\" aria-hidden=\"true\" class=\"wp-block-spacer\"><\/div>\n<\/div><\/div>\n\n<div class=\"wp-block-group alignfull has-background has-global-padding is-layout-constrained wp-container-core-group-is-layout-0c784bfc wp-block-group-is-layout-constrained\" style=\"border-bottom-style:none;border-bottom-width:0px;background-color:#ffffff;padding-top:64px;padding-right:20px;padding-bottom:64px;padding-left:20px\">\n<div class=\"wp-block-columns alignwide are-vertically-aligned-center is-layout-flex wp-container-core-columns-is-layout-269740e5 wp-block-columns-is-layout-flex\">\n<div class=\"wp-block-column is-vertically-aligned-center is-layout-flow wp-container-core-column-is-layout-8eebadab wp-block-column-is-layout-flow\" style=\"flex-basis:50%\">\n<div class=\"wp-block-group is-vertical is-layout-flex wp-container-core-group-is-layout-b2c973f4 wp-block-group-is-layout-flex\">\n<h2 class=\"wp-block-heading has-text-align-left has-contrast-color has-text-color\">Activit\u00e9s recommand\u00e9es<\/h2>\n\n\n\n<p>L&rsquo;Anjou, dans la vall\u00e9e de la Loire, est r\u00e9put\u00e9 pour son climat doux, son mode de vie enviable et sa beaut\u00e9 naturelle. C&rsquo;est la destination id\u00e9ale pour les amoureux de la nature et de la culture.<\/p>\n\n\n\n<p>Vous y trouverez l&rsquo;un des plus beaux tron\u00e7ons du plus long fleuve de France et son environnement remarquable honor\u00e9 par l&rsquo;UNESCO en tant que site du patrimoine mondial pour son paysage vivant et culturel.<\/p>\n\n\n\n<p>Marchez sur les traces de l&rsquo;histoire parmi les vignobles, les ch\u00e2teaux et les villages de caract\u00e8re de la r\u00e9gion sur les nombreux sentiers qui traversent la campagne.<\/p>\n\n\n\n<p>Parcourez les pistes cyclables de la Loire \u00e0 V\u00e9lo, fl\u00e2nez dans les magnifiques jardins et parcs ou profitez simplement des vins et de la gastronomie de la r\u00e9gion.<\/p>\n<\/div>\n<\/div>\n\n\n\n<div class=\"wp-block-column is-vertically-aligned-center is-layout-flow wp-block-column-is-layout-flow\">\n<figure class=\"wp-block-image size-full is-style-rounded is-style-rounded--1\"><img loading=\"lazy\" decoding=\"async\" width=\"460\" height=\"277\" src=\"https:\/\/chateaudechanze.com\/wp-content\/uploads\/2024\/05\/image-10.png\" alt=\"\" class=\"wp-image-227\" style=\"aspect-ratio:3\/2;object-fit:cover\" srcset=\"https:\/\/chateaudechanze.com\/wp-content\/uploads\/2024\/05\/image-10.png 460w, https:\/\/chateaudechanze.com\/wp-content\/uploads\/2024\/05\/image-10-300x181.png 300w\" sizes=\"auto, (max-width: 460px) 100vw, 460px\" \/><\/figure>\n<\/div>\n<\/div>\n\n\n\n<div class=\"wp-block-columns alignwide are-vertically-aligned-center is-layout-flex wp-container-core-columns-is-layout-269740e5 wp-block-columns-is-layout-flex\">\n<div class=\"wp-block-column is-vertically-aligned-center is-layout-flow wp-block-column-is-layout-flow\">\n<figure class=\"wp-block-video\"><video height=\"850\" style=\"aspect-ratio: 478 \/ 850;\" width=\"478\" controls=\"\" src=\"https:\/\/chateaudechanze.com\/wp-content\/uploads\/2025\/09\/Hot-air-balloon-1.mp4\"><\/video><\/figure>\n<\/div>\n\n\n\n<div class=\"wp-block-column is-vertically-aligned-center is-layout-flow wp-container-core-column-is-layout-8eebadab wp-block-column-is-layout-flow\" style=\"flex-basis:50%\">\n<div class=\"wp-block-group is-vertical is-layout-flex wp-container-core-group-is-layout-b2c973f4 wp-block-group-is-layout-flex\">\n<h2 class=\"wp-block-heading has-text-align-left\">Flottez au-dessus de la campagne pittoresque \u00e0 bord d&rsquo;une montgolfi\u00e8re&#8230;<\/h2>\n\n\n\n<p class=\"has-text-align-left\">D\u00e9couvrez la r\u00e9gion d&rsquo;en haut, flottez au gr\u00e9 du vent sur de doux paysages et jetez un coup d&rsquo;\u0153il \u00e0 tous les jardins qui se cachent derri\u00e8re les murs. Patience et r\u00e9servation obligatoires !   <\/p>\n<\/div>\n<\/div>\n<\/div>\n<\/div>\n\n<div class=\"wp-block-group alignfull has-background has-global-padding is-layout-constrained wp-container-core-group-is-layout-0c784bfc wp-block-group-is-layout-constrained\" style=\"border-bottom-style:none;border-bottom-width:0px;background-color:#ffffff;padding-top:64px;padding-right:20px;padding-bottom:64px;padding-left:20px\">\n<div class=\"wp-block-columns alignwide are-vertically-aligned-center is-layout-flex wp-container-core-columns-is-layout-269740e5 wp-block-columns-is-layout-flex\">\n<div class=\"wp-block-column is-vertically-aligned-center is-layout-flow wp-container-core-column-is-layout-8eebadab wp-block-column-is-layout-flow\" style=\"flex-basis:50%\">\n<div class=\"wp-block-group is-vertical is-layout-flex wp-container-core-group-is-layout-b2c973f4 wp-block-group-is-layout-flex\">\n<h2 class=\"wp-block-heading has-text-align-left has-contrast-color has-text-color\">Pour une journ\u00e9e unique et m\u00e9morable, d\u00e9couvrez les vins d&rsquo;Anjou avec le Ch\u00e2teau de Chanz\u00e9.<\/h2>\n\n\n\n<p>D\u00e9tendez-vous avec une d\u00e9gustation de vins r\u00e9gionaux sur mesure sur place ou visitez les vignobles locaux<a href=\"http:\/\/loirevalleywine.com\/explore-the-region\/\" target=\"_blank\" rel=\"noreferrer noopener\"> loirevalleywine.com<\/a><a href=\"http:\/\/loirevalleywine.com\/explore-the-region\/\" target=\"_blank\" rel=\"noreferrer noopener\"><\/a><\/p>\n\n\n\n<p><strong>Un peu d&rsquo;histoire sur la r\u00e9gion viticole &#8211; Anjou<\/strong><\/p>\n\n\n\n<p>L&rsquo;ancien duch\u00e9 d&rsquo;Anjou \u00e9tait autrefois une puissance politique qui rivalisait avec le royaume de France en termes de richesse et d&rsquo;importance.<\/p>\n\n\n\n<p>L&rsquo;Anjou produit plusieurs des meilleurs vins doux de la vall\u00e9e de la Loire : Bonnezeaux, Coteaux du Layon et Quarts de Chaume, tous \u00e9labor\u00e9s \u00e0 partir de Chenin Blanc.<\/p>\n\n\n\n<p>L&rsquo;Anjou abrite \u00e9galement le Savenni\u00e8res, un fascinant chenin blanc sec, ainsi que d&rsquo;excellents Anjou rouges (\u00e9labor\u00e9s \u00e0 partir de cabernet franc) et le tr\u00e8s populaire Ros\u00e9 d&rsquo;Anjou, un vin sec.<\/p>\n<\/div>\n<\/div>\n\n\n\n<div class=\"wp-block-column is-vertically-aligned-center is-layout-flow wp-block-column-is-layout-flow\">\n<figure class=\"wp-block-image size-full is-style-rounded is-style-rounded--2\"><img loading=\"lazy\" decoding=\"async\" width=\"1600\" height=\"900\" src=\"https:\/\/chateaudechanze.com\/wp-content\/uploads\/2025\/02\/WhatsApp-Image-2025-02-20-at-02.22.16_e2a26d84.jpg\" alt=\"\" class=\"wp-image-1249\" srcset=\"https:\/\/chateaudechanze.com\/wp-content\/uploads\/2025\/02\/WhatsApp-Image-2025-02-20-at-02.22.16_e2a26d84.jpg 1600w, https:\/\/chateaudechanze.com\/wp-content\/uploads\/2025\/02\/WhatsApp-Image-2025-02-20-at-02.22.16_e2a26d84-300x169.jpg 300w, https:\/\/chateaudechanze.com\/wp-content\/uploads\/2025\/02\/WhatsApp-Image-2025-02-20-at-02.22.16_e2a26d84-1024x576.jpg 1024w, https:\/\/chateaudechanze.com\/wp-content\/uploads\/2025\/02\/WhatsApp-Image-2025-02-20-at-02.22.16_e2a26d84-768x432.jpg 768w, https:\/\/chateaudechanze.com\/wp-content\/uploads\/2025\/02\/WhatsApp-Image-2025-02-20-at-02.22.16_e2a26d84-50x28.jpg 50w, https:\/\/chateaudechanze.com\/wp-content\/uploads\/2025\/02\/WhatsApp-Image-2025-02-20-at-02.22.16_e2a26d84-1536x864.jpg 1536w\" sizes=\"auto, (max-width: 1600px) 100vw, 1600px\" \/><\/figure>\n<\/div>\n<\/div>\n\n\n\n<div class=\"wp-block-columns alignwide are-vertically-aligned-center is-layout-flex wp-container-core-columns-is-layout-269740e5 wp-block-columns-is-layout-flex\">\n<div class=\"wp-block-column is-vertically-aligned-center is-layout-flow wp-block-column-is-layout-flow\">\n<figure class=\"wp-block-image size-large\"><img loading=\"lazy\" decoding=\"async\" width=\"1024\" height=\"1024\" src=\"https:\/\/chateaudechanze.com\/wp-content\/uploads\/2024\/05\/image-15-1024x1024.png\" alt=\"\" class=\"wp-image-243\" srcset=\"https:\/\/chateaudechanze.com\/wp-content\/uploads\/2024\/05\/image-15-1024x1024.png 1024w, https:\/\/chateaudechanze.com\/wp-content\/uploads\/2024\/05\/image-15-300x300.png 300w, https:\/\/chateaudechanze.com\/wp-content\/uploads\/2024\/05\/image-15-150x150.png 150w, https:\/\/chateaudechanze.com\/wp-content\/uploads\/2024\/05\/image-15-768x768.png 768w, https:\/\/chateaudechanze.com\/wp-content\/uploads\/2024\/05\/image-15.png 1070w\" sizes=\"auto, (max-width: 1024px) 100vw, 1024px\" \/><\/figure>\n<\/div>\n\n\n\n<div class=\"wp-block-column is-vertically-aligned-center is-layout-flow wp-container-core-column-is-layout-8eebadab wp-block-column-is-layout-flow\" style=\"flex-basis:50%\">\n<div class=\"wp-block-group is-vertical is-layout-flex wp-container-core-group-is-layout-b2c973f4 wp-block-group-is-layout-flex\">\n<h2 class=\"wp-block-heading has-text-align-left\">If you&rsquo;re interested in the famous orange liqueur and its history, a guided tour of the Cointreau distillery in Angers is a must!<\/h2>\n\n\n\n<p>Discover the history of this iconic brand, from orange peel to bottle, and finish with a tasting and cocktail demonstration.<\/p>\n\n\n\n<p>Les r\u00e9servations sont indispensables &#8211; Contacter directement la distillerie <\/p>\n\n\n\n<p><a href=\"https:\/\/www.cointreau.com\/fr\/fr\/art-de-cointreau\/visites\" target=\"_blank\" rel=\"noreferrer noopener\">www.carre-cointreau.fr  <\/a><\/p>\n<\/div>\n<\/div>\n<\/div>\n<\/div>\n\n<div class=\"wp-block-group alignfull has-background has-global-padding is-layout-constrained wp-container-core-group-is-layout-0c784bfc wp-block-group-is-layout-constrained\" style=\"border-bottom-style:none;border-bottom-width:0px;background-color:#ffffff;padding-top:64px;padding-right:20px;padding-bottom:64px;padding-left:20px\">\n<div class=\"wp-block-columns alignwide are-vertically-aligned-center is-layout-flex wp-container-core-columns-is-layout-269740e5 wp-block-columns-is-layout-flex\">\n<div class=\"wp-block-column is-vertically-aligned-center is-layout-flow wp-container-core-column-is-layout-8eebadab wp-block-column-is-layout-flow\" style=\"flex-basis:50%\">\n<div class=\"wp-block-group is-vertical is-layout-flex wp-container-core-group-is-layout-b2c973f4 wp-block-group-is-layout-flex\">\n<h2 class=\"wp-block-heading has-text-align-left has-contrast-color has-text-color\">Cyclisme et marche.<\/h2>\n\n\n\n<p>Les nombreuses <strong>pistes cyclables et sentiers de randonn\u00e9e de<\/strong> l&rsquo;Anjou couvrent une immense vari\u00e9t\u00e9 de paysages. L&rsquo;acc\u00e8s \u00e0 une piste cyclable et p\u00e9destre se trouve juste en face de la propri\u00e9t\u00e9 et suit les anciennes voies ferr\u00e9es de l&rsquo;ancienne ligne de chemin de fer de l&rsquo;Anjou. <\/p>\n\n\n\n<p>Location de v\u00e9los aupr\u00e8s de <a href=\"http:\/\/www.1tour2roues.com\" target=\"_blank\" rel=\"noopener\">1tour2roues<\/a><\/p>\n\n\n\n<p>Participer \u00e0 la conf\u00e9rence annuelle <a class=\"\" href=\"http:\/\/www.anjou-velo-vintage.com\/en\/\" target=\"_blank\" rel=\"noreferrer noopener\">Anjou V\u00e9lo Vintage Festival<\/a><\/p>\n<\/div>\n<\/div>\n\n\n\n<div class=\"wp-block-column is-vertically-aligned-center is-layout-flow wp-block-column-is-layout-flow\">\n<figure class=\"wp-block-image size-full is-resized is-style-rounded is-style-rounded--3\"><img loading=\"lazy\" decoding=\"async\" width=\"442\" height=\"589\" src=\"https:\/\/chateaudechanze.com\/wp-content\/uploads\/2024\/05\/image-16.png\" alt=\"\" class=\"wp-image-247\" style=\"aspect-ratio:0.5625;object-fit:cover;width:417px;height:auto\" srcset=\"https:\/\/chateaudechanze.com\/wp-content\/uploads\/2024\/05\/image-16.png 442w, https:\/\/chateaudechanze.com\/wp-content\/uploads\/2024\/05\/image-16-225x300.png 225w\" sizes=\"auto, (max-width: 442px) 100vw, 442px\" \/><\/figure>\n<\/div>\n<\/div>\n\n\n\n<div class=\"wp-block-columns alignwide are-vertically-aligned-center is-layout-flex wp-container-core-columns-is-layout-269740e5 wp-block-columns-is-layout-flex\">\n<div class=\"wp-block-column is-vertically-aligned-center is-layout-flow wp-block-column-is-layout-flow\">\n<figure class=\"wp-block-image size-full is-style-rounded is-style-rounded--4\"><img loading=\"lazy\" decoding=\"async\" width=\"410\" height=\"615\" src=\"https:\/\/chateaudechanze.com\/wp-content\/uploads\/2024\/05\/image-17.png\" alt=\"\" class=\"wp-image-250\" style=\"aspect-ratio:9\/16;object-fit:cover\" srcset=\"https:\/\/chateaudechanze.com\/wp-content\/uploads\/2024\/05\/image-17.png 410w, https:\/\/chateaudechanze.com\/wp-content\/uploads\/2024\/05\/image-17-200x300.png 200w\" sizes=\"auto, (max-width: 410px) 100vw, 410px\" \/><\/figure>\n<\/div>\n\n\n\n<div class=\"wp-block-column is-vertically-aligned-center is-layout-flow wp-container-core-column-is-layout-8eebadab wp-block-column-is-layout-flow\" style=\"flex-basis:50%\">\n<div class=\"wp-block-group is-vertical is-layout-flex wp-container-core-group-is-layout-b2c973f4 wp-block-group-is-layout-flex\">\n<h2 class=\"wp-block-heading has-text-align-left\">Plongez dans l&rsquo;histoire<\/h2>\n\n\n\n<p>Des centaines <strong>de ch\u00e2teaux, d&rsquo;\u00e9glises, d&rsquo;abbayes et de monuments historiques <\/strong>sont \u00e0 visiter et \u00e0 admirer.<\/p>\n\n\n\n<p>La r\u00e9gion regorge d&rsquo;un riche patrimoine culturel et d&rsquo;exp\u00e9riences que vous ne trouverez nulle part ailleurs en France.<\/p>\n\n\n\n<p>Le plus haut ch\u00e2teau de France se trouve \u00e0 Brissac-Quinc\u00e9, non loin de l\u00e0. La c\u00e9l\u00e8bre tapisserie de l&rsquo;Apocalypse, datant du XIVe si\u00e8cle, peut \u00eatre admir\u00e9e au ch\u00e2teau d&rsquo;Angers, tandis que le ch\u00e2teau de Saumur (photo), digne d&rsquo;un conte de f\u00e9es, surplombe la majestueuse vall\u00e9e de la Loire.<\/p>\n<\/div>\n<\/div>\n<\/div>\n<\/div>\n\n<div class=\"wp-block-group alignfull has-background has-global-padding is-layout-constrained wp-container-core-group-is-layout-0c784bfc wp-block-group-is-layout-constrained\" style=\"border-bottom-style:none;border-bottom-width:0px;background-color:#ffffff;padding-top:64px;padding-right:20px;padding-bottom:64px;padding-left:20px\">\n<div class=\"wp-block-columns alignwide are-vertically-aligned-center is-layout-flex wp-container-core-columns-is-layout-269740e5 wp-block-columns-is-layout-flex\">\n<div class=\"wp-block-column is-vertically-aligned-center is-layout-flow wp-container-core-column-is-layout-8eebadab wp-block-column-is-layout-flow\" style=\"flex-basis:50%\">\n<div class=\"wp-block-group is-vertical is-layout-flex wp-container-core-group-is-layout-b2c973f4 wp-block-group-is-layout-flex\">\n<h2 class=\"wp-block-heading has-text-align-left has-contrast-color has-text-color\">La cavalerie.<\/h2>\n\n\n\n<p>L&rsquo;\u00e9quitation classique fran\u00e7aise, avec son histoire militaire prestigieuse, est le fondement du <strong>Cadre Noir <\/strong>et de l&rsquo;enseignement de l&rsquo;\u00e9cole.<\/p>\n\n\n\n<p>Consultez<a href=\"http:\/\/www.ifce.fr\/en\/cadre-noir\/visits-galas\/\" target=\"_blank\" class=\"\" rel=\"noreferrer noopener\"> le site web ici <\/a>pour conna\u00eetre les visites, les repr\u00e9sentations publiques et les galas officiels organis\u00e9s tout au long de l&rsquo;ann\u00e9e. <\/p>\n<\/div>\n<\/div>\n\n\n\n<div class=\"wp-block-column is-vertically-aligned-center is-layout-flow wp-block-column-is-layout-flow\">\n<figure class=\"wp-block-image size-full is-style-rounded is-style-rounded--5\"><img loading=\"lazy\" decoding=\"async\" width=\"318\" height=\"159\" src=\"https:\/\/chateaudechanze.com\/wp-content\/uploads\/2024\/05\/image-18.png\" alt=\"\" class=\"wp-image-253\" style=\"aspect-ratio:16\/9;object-fit:cover\" srcset=\"https:\/\/chateaudechanze.com\/wp-content\/uploads\/2024\/05\/image-18.png 318w, https:\/\/chateaudechanze.com\/wp-content\/uploads\/2024\/05\/image-18-300x150.png 300w\" sizes=\"auto, (max-width: 318px) 100vw, 318px\" \/><\/figure>\n<\/div>\n<\/div>\n\n\n\n<div class=\"wp-block-group alignfull has-global-padding is-layout-constrained wp-container-core-group-is-layout-d89aad35 wp-block-group-is-layout-constrained\" style=\"margin-top:0;margin-bottom:0;padding-top:var(--wp--preset--spacing--50);padding-right:var(--wp--preset--spacing--50);padding-bottom:var(--wp--preset--spacing--50);padding-left:var(--wp--preset--spacing--50)\">\n<div class=\"wp-block-group alignwide has-base-2-background-color has-background has-global-padding is-layout-constrained wp-container-core-group-is-layout-39412042 wp-block-group-is-layout-constrained\" style=\"border-radius:16px;padding-top:var(--wp--preset--spacing--40);padding-right:var(--wp--preset--spacing--50);padding-bottom:var(--wp--preset--spacing--40);padding-left:var(--wp--preset--spacing--50)\">\n<div style=\"height:var(--wp--preset--spacing--10)\" aria-hidden=\"true\" class=\"wp-block-spacer\"><\/div>\n\n\n\n<h2 class=\"wp-block-heading has-text-align-center has-x-large-font-size\">Contactez nous.<\/h2>\n\n\n\n<p class=\"has-text-align-center has-large-font-size\">Ph: <a href=\"tel:\">+33 (0)6 38 22 53 32<\/a><\/p>\n\n\n\n<div class=\"wp-block-buttons is-content-justification-center is-layout-flex wp-container-core-buttons-is-layout-a89b3969 wp-block-buttons-is-layout-flex\">\n<div class=\"wp-block-button has-custom-width wp-block-button__width-50\"><a class=\"wp-block-button__link wp-element-button\" href=\"mailto:info@chateaudechanze.com\">Courriel<\/a><\/div>\n<\/div>\n\n\n\n<div style=\"height:var(--wp--preset--spacing--10)\" aria-hidden=\"true\" class=\"wp-block-spacer\"><\/div>\n<\/div>\n<\/div>\n<\/div>\n","protected":false},"excerpt":{"rendered":"<p>Activit\u00e9s recommand\u00e9es L&rsquo;Anjou, dans la vall\u00e9e de la Loire, est r\u00e9put\u00e9 pour son climat doux, son mode de vie enviable et sa beaut\u00e9 naturelle. C&rsquo;est la destination id\u00e9ale pour les amoureux de la nature et de la culture. Vous y trouverez l&rsquo;un des plus beaux tron\u00e7ons du plus long fleuve de France et son environnement [&hellip;]<\/p>\n","protected":false},"author":1,"featured_media":0,"parent":0,"menu_order":3,"comment_status":"closed","ping_status":"closed","template":"","meta":{"footnotes":""},"class_list":["post-870","page","type-page","status-publish","hentry"],"_links":{"self":[{"href":"https:\/\/chateaudechanze.com\/fr\/wp-json\/wp\/v2\/pages\/870","targetHints":{"allow":["GET"]}}],"collection":[{"href":"https:\/\/chateaudechanze.com\/fr\/wp-json\/wp\/v2\/pages"}],"about":[{"href":"https:\/\/chateaudechanze.com\/fr\/wp-json\/wp\/v2\/types\/page"}],"author":[{"embeddable":true,"href":"https:\/\/chateaudechanze.com\/fr\/wp-json\/wp\/v2\/users\/1"}],"replies":[{"embeddable":true,"href":"https:\/\/chateaudechanze.com\/fr\/wp-json\/wp\/v2\/comments?post=870"}],"version-history":[{"count":2,"href":"https:\/\/chateaudechanze.com\/fr\/wp-json\/wp\/v2\/pages\/870\/revisions"}],"predecessor-version":[{"id":1555,"href":"https:\/\/chateaudechanze.com\/fr\/wp-json\/wp\/v2\/pages\/870\/revisions\/1555"}],"wp:attachment":[{"href":"https:\/\/chateaudechanze.com\/fr\/wp-json\/wp\/v2\/media?parent=870"}],"curies":[{"name":"wp","href":"https:\/\/api.w.org\/{rel}","templated":true}]}}