{"id":883,"date":"2024-05-28T11:09:35","date_gmt":"2024-05-28T09:09:35","guid":{"rendered":"https:\/\/cdc.interactivesites.de\/votre-hote\/"},"modified":"2026-02-16T10:22:53","modified_gmt":"2026-02-16T09:22:53","slug":"votre-hote","status":"publish","type":"page","link":"https:\/\/chateaudechanze.com\/fr\/votre-hote\/","title":{"rendered":"Vos h\u00f4tes"},"content":{"rendered":"\n<p>Bonjour ! Kia Ora ! Bonjour ! Guten Tag ! Nous sommes Sonja et Michael. En 2015, Michael a repris la gestion de ce magnifique ch\u00e2teau et ferme du XIe si\u00e8cle, qui appartient \u00e0 sa famille depuis 1993. Michael est originaire de Suisse et s&rsquo;est install\u00e9 en France apr\u00e8s avoir v\u00e9cu en Nouvelle-Z\u00e9lande pendant plus de 20 ans. Sonja est originaire d&rsquo;Allemagne et vit \u00e9galement en Nouvelle-Z\u00e9lande depuis plus de 20 ans.<\/p>\n\n<p>En tant que gourmands avou\u00e9s, nous partageons l&rsquo;amour de la bonne cuisine, du vin, de la musique et de la bonne compagnie que l&rsquo;on trouve en abondance dans la r\u00e9gion environnante de la vall\u00e9e de la Loire.  <\/p>\n\n<p>Michael a suivi une formation en h\u00f4tellerie et restauration \u00e0 Lucerne et travaille comme guide touristique priv\u00e9 en Nouvelle-Z\u00e9lande pendant la saison \u00ab\u00a0creuse\u00a0\u00bb, tandis que Sonja est agent de voyage en Nouvelle-Z\u00e9lande. Nous avons mis en place un style de gestion d\u00e9tendu et amical, mais efficace, dans ce cadre magnifique.<\/p>\n\n<p>Nous parlons couramment le suisse (allemand), le haut allemand, le fran\u00e7ais (en grande partie) et l&rsquo;anglais.<\/p>\n\n<figure class=\"wp-block-image aligncenter size-full is-resized\"><img loading=\"lazy\" decoding=\"async\" width=\"1440\" height=\"2560\" src=\"https:\/\/chateaudechanze.com\/wp-content\/uploads\/2025\/09\/20230902_152623-scaled.jpg\" alt=\"\" class=\"wp-image-1456\" style=\"width:303px;height:auto\" srcset=\"https:\/\/chateaudechanze.com\/wp-content\/uploads\/2025\/09\/20230902_152623-scaled.jpg 1440w, https:\/\/chateaudechanze.com\/wp-content\/uploads\/2025\/09\/20230902_152623-169x300.jpg 169w, https:\/\/chateaudechanze.com\/wp-content\/uploads\/2025\/09\/20230902_152623-576x1024.jpg 576w, https:\/\/chateaudechanze.com\/wp-content\/uploads\/2025\/09\/20230902_152623-768x1365.jpg 768w, https:\/\/chateaudechanze.com\/wp-content\/uploads\/2025\/09\/20230902_152623-50x89.jpg 50w, https:\/\/chateaudechanze.com\/wp-content\/uploads\/2025\/09\/20230902_152623-1600x2844.jpg 1600w, https:\/\/chateaudechanze.com\/wp-content\/uploads\/2025\/09\/20230902_152623-864x1536.jpg 864w, https:\/\/chateaudechanze.com\/wp-content\/uploads\/2025\/09\/20230902_152623-1152x2048.jpg 1152w\" sizes=\"auto, (max-width: 1440px) 100vw, 1440px\" \/><\/figure>\n\n<p><\/p>\n","protected":false},"excerpt":{"rendered":"<p>Bonjour ! Kia Ora ! Bonjour ! Guten Tag ! Nous sommes Sonja et Michael. En 2015, Michael a repris la gestion de ce magnifique ch\u00e2teau et ferme du XIe si\u00e8cle, qui appartient \u00e0 sa famille depuis 1993. Michael est originaire de Suisse et s&rsquo;est install\u00e9 en France apr\u00e8s avoir v\u00e9cu en Nouvelle-Z\u00e9lande pendant plus [&hellip;]<\/p>\n","protected":false},"author":1,"featured_media":0,"parent":0,"menu_order":10,"comment_status":"closed","ping_status":"closed","template":"","meta":{"footnotes":""},"class_list":["post-883","page","type-page","status-publish","hentry"],"_links":{"self":[{"href":"https:\/\/chateaudechanze.com\/fr\/wp-json\/wp\/v2\/pages\/883","targetHints":{"allow":["GET"]}}],"collection":[{"href":"https:\/\/chateaudechanze.com\/fr\/wp-json\/wp\/v2\/pages"}],"about":[{"href":"https:\/\/chateaudechanze.com\/fr\/wp-json\/wp\/v2\/types\/page"}],"author":[{"embeddable":true,"href":"https:\/\/chateaudechanze.com\/fr\/wp-json\/wp\/v2\/users\/1"}],"replies":[{"embeddable":true,"href":"https:\/\/chateaudechanze.com\/fr\/wp-json\/wp\/v2\/comments?post=883"}],"version-history":[{"count":3,"href":"https:\/\/chateaudechanze.com\/fr\/wp-json\/wp\/v2\/pages\/883\/revisions"}],"predecessor-version":[{"id":1565,"href":"https:\/\/chateaudechanze.com\/fr\/wp-json\/wp\/v2\/pages\/883\/revisions\/1565"}],"wp:attachment":[{"href":"https:\/\/chateaudechanze.com\/fr\/wp-json\/wp\/v2\/media?parent=883"}],"curies":[{"name":"wp","href":"https:\/\/api.w.org\/{rel}","templated":true}]}}