{"id":992,"date":"2024-10-01T17:44:24","date_gmt":"2024-10-01T15:44:24","guid":{"rendered":"https:\/\/cdc.interactivesites.de\/interieur\/appartement-chinon\/"},"modified":"2025-09-22T09:01:36","modified_gmt":"2025-09-22T07:01:36","slug":"appartement-chinon","status":"publish","type":"page","link":"https:\/\/chateaudechanze.com\/fr\/interieur\/appartement-chinon\/","title":{"rendered":"Appartement Chinon"},"content":{"rendered":"\n<div class=\"wp-block-cover alignfull is-light has-parallax\" style=\"padding-top:var(--wp--preset--spacing--50);padding-right:var(--wp--preset--spacing--50);padding-bottom:var(--wp--preset--spacing--50);padding-left:var(--wp--preset--spacing--50);min-height:100vh;aspect-ratio:unset;\"><div class=\"wp-block-cover__image-background wp-image-513 has-parallax\" style=\"background-position:50% 50%;background-image:url(https:\/\/chateaudechanze.com\/wp-content\/uploads\/2024\/10\/20210617_142011-scaled.jpg)\"><\/div><span aria-hidden=\"true\" class=\"wp-block-cover__background has-base-background-color has-background-dim-0 has-background-dim\"><\/span><div class=\"wp-block-cover__inner-container has-global-padding is-layout-constrained wp-container-core-cover-is-layout-e4fd886c wp-block-cover-is-layout-constrained\">\n<div style=\"height:500px\" aria-hidden=\"true\" class=\"wp-block-spacer\"><\/div>\n\n\n\n<h1 class=\"wp-block-heading alignwide has-text-align-right has-base-2-color has-text-color has-link-color has-xx-large-font-size wp-elements-672355477bbafd36d37e0fafeb87cc8d\">Chinon<\/h1>\n<\/div><\/div>\n\n<div class=\"wp-block-group alignfull has-base-background-color has-background has-global-padding is-layout-constrained wp-container-core-group-is-layout-d89aad35 wp-block-group-is-layout-constrained\" style=\"margin-top:0;margin-bottom:0;padding-top:var(--wp--preset--spacing--50);padding-right:var(--wp--preset--spacing--50);padding-bottom:var(--wp--preset--spacing--50);padding-left:var(--wp--preset--spacing--50)\">\n<div class=\"wp-block-columns alignwide is-layout-flex wp-container-core-columns-is-layout-549b0c86 wp-block-columns-is-layout-flex\">\n<div class=\"wp-block-column is-vertically-aligned-center has-global-padding is-content-justification-left is-layout-constrained wp-container-core-column-is-layout-c4d06299 wp-block-column-is-layout-constrained\" style=\"flex-basis:40%\">\n<h2 class=\"wp-block-heading\"><em>Appartement Chinon<\/em><\/h2>\n<\/div>\n\n\n\n<div class=\"wp-block-column is-layout-flow wp-container-core-column-is-layout-119bc444 wp-block-column-is-layout-flow\" style=\"flex-basis:60%\">\n<p class=\"has-heading-font-family has-x-large-font-size\" style=\"line-height:1.2\">Cette charmante maison de vacances offre un m\u00e9lange d&rsquo;\u00e9l\u00e9gance rustique et de confort moderne, au c\u0153ur de la magnifique campagne fran\u00e7aise. <\/p>\n\n\n\n<div class=\"wp-block-columns is-layout-flex wp-container-core-columns-is-layout-87beb0d0 wp-block-columns-is-layout-flex\">\n<div class=\"wp-block-column is-layout-flow wp-block-column-is-layout-flow\">\n<p class=\"wp-container-content-9cfa9a5a\">L&rsquo;ext\u00e9rieur du cottage pr\u00e9sente des murs en pierre classiques, rehauss\u00e9s de briques pittoresques et entour\u00e9s de parterres de fleurs \u00e9clatantes. Un coin salon ext\u00e9rieur confortable vous invite \u00e0 prendre un caf\u00e9 le matin ou \u00e0 passer une soir\u00e9e tranquille avec un verre de vin, tout en profitant de la tranquillit\u00e9 des lieux. <\/p>\n\n\n\n<p><\/p>\n\n\n\n<p class=\"wp-container-content-9cfa9a5a\"><\/p>\n<\/div>\n\n\n\n<div class=\"wp-block-column is-layout-flow wp-block-column-is-layout-flow\">\n<p>Id\u00e9ale pour les couples ou les petites familles, cette retraite constitue le point de d\u00e9part id\u00e9al pour explorer les sites historiques des environs ou simplement se d\u00e9tendre dans un cadre serein. Que vous soyez en qu\u00eate d&rsquo;aventure ou de d\u00e9tente, ce cottage accueillant vous offrira une escapade m\u00e9morable.  Elle dispose d&rsquo;une kitchenette, d&rsquo;une mezzanine avec 2 lits simples et d&rsquo;une autre chambre avec un lit double.  <\/p>\n<\/div>\n<\/div>\n<\/div>\n<\/div>\n<\/div>\n\n<div class=\"wp-block-cover alignfull is-light has-parallax\" style=\"min-height:100vh;aspect-ratio:unset;\"><div class=\"wp-block-cover__image-background wp-image-516 has-parallax\" style=\"background-position:50% 50%;background-image:url(https:\/\/chateaudechanze.com\/wp-content\/uploads\/2024\/10\/20210621_085639-scaled.jpg)\"><\/div><span aria-hidden=\"true\" class=\"wp-block-cover__background has-background-dim-0 has-background-dim\" style=\"background-color:#957d6e\"><\/span><div class=\"wp-block-cover__inner-container is-layout-flow wp-block-cover-is-layout-flow\">\n<p class=\"has-text-align-center has-large-font-size\"><\/p>\n<\/div><\/div>\n\n<div class=\"wp-block-group alignfull has-base-2-background-color has-background has-global-padding is-layout-constrained wp-container-core-group-is-layout-7cd14b77 wp-block-group-is-layout-constrained\" style=\"margin-top:0;margin-bottom:0;padding-top:var(--wp--preset--spacing--60);padding-right:var(--wp--preset--spacing--60);padding-bottom:var(--wp--preset--spacing--60);padding-left:var(--wp--preset--spacing--60)\">\n<div class=\"wp-block-group alignwide is-layout-flow wp-block-group-is-layout-flow\">\n<p class=\"has-text-align-center has-heading-font-family has-x-large-font-size\" style=\"font-style:normal;font-weight:400;line-height:1.2\">Une atmosph\u00e8re chaleureuse<\/p>\n\n\n\n<div style=\"height:var(--wp--preset--spacing--50)\" aria-hidden=\"true\" class=\"wp-block-spacer\"><\/div>\n<\/div>\n<\/div>\n\n<div class=\"wp-block-cover alignfull is-light has-parallax\" style=\"min-height:100vh;aspect-ratio:unset;\"><div class=\"wp-block-cover__image-background wp-image-504 has-parallax\" style=\"background-position:50% 50%;background-image:url(https:\/\/chateaudechanze.com\/wp-content\/uploads\/2024\/10\/20210621_142236-scaled.jpg)\"><\/div><span aria-hidden=\"true\" class=\"wp-block-cover__background has-background-dim-0 has-background-dim\" style=\"background-color:#977f71\"><\/span><div class=\"wp-block-cover__inner-container is-layout-flow wp-block-cover-is-layout-flow\">\n<p class=\"has-text-align-center has-large-font-size\"><\/p>\n<\/div><\/div>\n\n<div class=\"wp-block-group alignfull has-base-2-color has-contrast-background-color has-text-color has-background has-link-color wp-elements-b8d0b62948bc2d257c8f15e16eb31670 has-global-padding is-layout-constrained wp-container-core-group-is-layout-facafb6f wp-block-group-is-layout-constrained\" style=\"margin-top:0;margin-bottom:0;padding-top:var(--wp--preset--spacing--50);padding-right:var(--wp--preset--spacing--50);padding-bottom:var(--wp--preset--spacing--50);padding-left:var(--wp--preset--spacing--50)\">\n<div class=\"wp-block-columns alignwide is-layout-flex wp-container-core-columns-is-layout-d1c656ed wp-block-columns-is-layout-flex\">\n<div class=\"wp-block-column is-vertically-aligned-stretch is-layout-flow wp-block-column-is-layout-flow\" style=\"padding-right:0;flex-basis:60%\">\n<div class=\"wp-block-group is-vertical is-content-justification-stretch is-layout-flex wp-container-core-group-is-layout-ae24f51d wp-block-group-is-layout-flex\" style=\"min-height:100%\">\n<figure class=\"wp-block-image size-large is-style-rounded is-style-rounded--1\"><img loading=\"lazy\" decoding=\"async\" width=\"768\" height=\"1024\" src=\"https:\/\/chateaudechanze.com\/wp-content\/uploads\/2024\/10\/20210621_082156-768x1024.jpg\" alt=\"\" class=\"wp-image-507\" style=\"aspect-ratio:9\/16;object-fit:cover\" srcset=\"https:\/\/chateaudechanze.com\/wp-content\/uploads\/2024\/10\/20210621_082156-768x1024.jpg 768w, https:\/\/chateaudechanze.com\/wp-content\/uploads\/2024\/10\/20210621_082156-225x300.jpg 225w, https:\/\/chateaudechanze.com\/wp-content\/uploads\/2024\/10\/20210621_082156-50x67.jpg 50w, https:\/\/chateaudechanze.com\/wp-content\/uploads\/2024\/10\/20210621_082156-1600x2133.jpg 1600w, https:\/\/chateaudechanze.com\/wp-content\/uploads\/2024\/10\/20210621_082156-1152x1536.jpg 1152w, https:\/\/chateaudechanze.com\/wp-content\/uploads\/2024\/10\/20210621_082156-1536x2048.jpg 1536w, https:\/\/chateaudechanze.com\/wp-content\/uploads\/2024\/10\/20210621_082156-scaled.jpg 1920w\" sizes=\"auto, (max-width: 768px) 100vw, 768px\" \/><\/figure>\n\n\n\n<p class=\"has-medium-font-size\"><\/p>\n<\/div>\n<\/div>\n\n\n\n<div class=\"wp-block-column is-layout-flow wp-block-column-is-layout-flow\" style=\"flex-basis:40%\">\n<div class=\"wp-block-group has-global-padding is-layout-constrained wp-block-group-is-layout-constrained\">\n<p class=\"has-large-font-size\" style=\"font-style:normal;font-weight:500;line-height:1.2\">\u00c0 l&rsquo;int\u00e9rieur, l&rsquo;espace de vie ouvert est \u00e0 la fois accueillant et fonctionnel. La kitchenette est enti\u00e8rement \u00e9quip\u00e9e pour pr\u00e9parer les repas, avec un petit coin repas pour les moments partag\u00e9s. Au-dessus, une mezzanine offre un espace suppl\u00e9mentaire pour dormir ou se d\u00e9tendre, cr\u00e9ant ainsi une atmosph\u00e8re intime et douillette. La chambre principale dispose d&rsquo;un lit confortable avec des draps doux, encadr\u00e9 par un d\u00e9cor de bon go\u00fbt qui respire la chaleur et le charme.   <\/p>\n\n\n\n<div style=\"height:var(--wp--preset--spacing--40)\" aria-hidden=\"true\" class=\"wp-block-spacer\"><\/div>\n\n\n\n<p class=\"has-medium-font-size\"><\/p>\n\n\n\n<div class=\"wp-block-group is-layout-flow wp-block-group-is-layout-flow\"><\/div>\n<\/div>\n<\/div>\n<\/div>\n<\/div>\n\n<div class=\"wp-block-cover alignfull is-light has-parallax\" style=\"min-height:100vh;aspect-ratio:unset;\"><div class=\"wp-block-cover__image-background wp-image-510 has-parallax\" style=\"background-position:50% 50%;background-image:url(https:\/\/chateaudechanze.com\/wp-content\/uploads\/2024\/10\/20210621_085749-scaled.jpg)\"><\/div><span aria-hidden=\"true\" class=\"wp-block-cover__background has-background-dim-0 has-background-dim\" style=\"background-color:#8d806a\"><\/span><div class=\"wp-block-cover__inner-container is-layout-flow wp-block-cover-is-layout-flow\">\n<p class=\"has-text-align-center has-large-font-size\"><\/p>\n<\/div><\/div>\n\n<div class=\"wp-block-group alignfull has-global-padding is-layout-constrained wp-container-core-group-is-layout-d89aad35 wp-block-group-is-layout-constrained\" style=\"margin-top:0;margin-bottom:0;padding-top:var(--wp--preset--spacing--50);padding-right:var(--wp--preset--spacing--50);padding-bottom:var(--wp--preset--spacing--50);padding-left:var(--wp--preset--spacing--50)\">\n<div class=\"wp-block-group alignwide has-base-2-background-color has-background has-global-padding is-layout-constrained wp-container-core-group-is-layout-39412042 wp-block-group-is-layout-constrained\" style=\"border-radius:16px;padding-top:var(--wp--preset--spacing--40);padding-right:var(--wp--preset--spacing--50);padding-bottom:var(--wp--preset--spacing--40);padding-left:var(--wp--preset--spacing--50)\">\n<div style=\"height:var(--wp--preset--spacing--10)\" aria-hidden=\"true\" class=\"wp-block-spacer\"><\/div>\n\n\n\n<h2 class=\"wp-block-heading has-text-align-center has-x-large-font-size\">Contactez nous.<\/h2>\n\n\n\n<p class=\"has-text-align-center has-large-font-size\">Ph: <a href=\"tel:\">+33 (0)6 38 22 53 32<\/a><\/p>\n\n\n\n<div class=\"wp-block-buttons is-content-justification-center is-layout-flex wp-container-core-buttons-is-layout-a89b3969 wp-block-buttons-is-layout-flex\">\n<div class=\"wp-block-button has-custom-width wp-block-button__width-50\"><a class=\"wp-block-button__link wp-element-button\" href=\"mailto:info@chateaudechanze.com\">Courriel<\/a><\/div>\n<\/div>\n\n\n\n<div style=\"height:var(--wp--preset--spacing--10)\" aria-hidden=\"true\" class=\"wp-block-spacer\"><\/div>\n<\/div>\n<\/div>\n\n<p><\/p>\n","protected":false},"excerpt":{"rendered":"<p>Appartement Chinon Cette charmante maison de vacances offre un m\u00e9lange d&rsquo;\u00e9l\u00e9gance rustique et de confort moderne, au c\u0153ur de la magnifique campagne fran\u00e7aise. L&rsquo;ext\u00e9rieur du cottage pr\u00e9sente des murs en pierre classiques, rehauss\u00e9s de briques pittoresques et entour\u00e9s de parterres de fleurs \u00e9clatantes. Un coin salon ext\u00e9rieur confortable vous invite \u00e0 prendre un caf\u00e9 le [&hellip;]<\/p>\n","protected":false},"author":1,"featured_media":0,"parent":852,"menu_order":3,"comment_status":"closed","ping_status":"closed","template":"","meta":{"footnotes":""},"class_list":["post-992","page","type-page","status-publish","hentry"],"_links":{"self":[{"href":"https:\/\/chateaudechanze.com\/fr\/wp-json\/wp\/v2\/pages\/992","targetHints":{"allow":["GET"]}}],"collection":[{"href":"https:\/\/chateaudechanze.com\/fr\/wp-json\/wp\/v2\/pages"}],"about":[{"href":"https:\/\/chateaudechanze.com\/fr\/wp-json\/wp\/v2\/types\/page"}],"author":[{"embeddable":true,"href":"https:\/\/chateaudechanze.com\/fr\/wp-json\/wp\/v2\/users\/1"}],"replies":[{"embeddable":true,"href":"https:\/\/chateaudechanze.com\/fr\/wp-json\/wp\/v2\/comments?post=992"}],"version-history":[{"count":2,"href":"https:\/\/chateaudechanze.com\/fr\/wp-json\/wp\/v2\/pages\/992\/revisions"}],"predecessor-version":[{"id":1544,"href":"https:\/\/chateaudechanze.com\/fr\/wp-json\/wp\/v2\/pages\/992\/revisions\/1544"}],"up":[{"embeddable":true,"href":"https:\/\/chateaudechanze.com\/fr\/wp-json\/wp\/v2\/pages\/852"}],"wp:attachment":[{"href":"https:\/\/chateaudechanze.com\/fr\/wp-json\/wp\/v2\/media?parent=992"}],"curies":[{"name":"wp","href":"https:\/\/api.w.org\/{rel}","templated":true}]}}